{"id":2033,"date":"2023-12-20T12:32:34","date_gmt":"2023-12-20T12:32:34","guid":{"rendered":"https:\/\/campingarribesdelduero.com\/politica-de-privacidade\/"},"modified":"2024-03-05T12:36:00","modified_gmt":"2024-03-05T12:36:00","slug":"politica-de-privacidade","status":"publish","type":"page","link":"https:\/\/campingarribesdelduero.com\/pt-pt\/politica-de-privacidade\/","title":{"rendered":"Pol\u00edtica de privacidade"},"content":{"rendered":"\t\t<div data-elementor-type=\"wp-page\" data-elementor-id=\"2033\" class=\"elementor elementor-2033 elementor-26\" data-elementor-post-type=\"page\">\n\t\t\t\t<div class=\"elementor-element elementor-element-db8c052 e-con-full e-flex e-con e-parent\" data-id=\"db8c052\" data-element_type=\"container\" data-e-type=\"container\">\n\t\t\t\t<div class=\"elementor-element elementor-element-a6bf47f elementor-widget__width-inherit elementor-widget elementor-widget-text-editor\" data-id=\"a6bf47f\" data-element_type=\"widget\" data-e-type=\"widget\" data-widget_type=\"text-editor.default\">\n\t\t\t\t<div class=\"elementor-widget-container\">\n\t\t\t\t\t\t\t\t\t<header class=\"text-center\">\n<h2 class=\"m-auto\">POL\u00cdTICA DE PRIVACIDADE DO S\u00cdTIO WEB<\/h2>\n<h4><span class=\"blanc-space ng-binding\">http:\/\/campingarribesdelduero.com\/pt-pt\/<\/span><\/h4>\n<\/header>\n<div>\n<h3>I. POL\u00cdTICA DE PRIVACIDADE E PROTEC\u00c7\u00c3O DE DADOS<\/h3>\n<p>Respeitando as disposi\u00e7\u00f5es da legisla\u00e7\u00e3o em vigor,&nbsp;<span class=\"blanc-space ng-binding\">campingarribesdelduero.com<\/span>&nbsp;(doravante tamb\u00e9m Website) compromete-se a adotar as medidas t\u00e9cnicas e organizacionais necess\u00e1rias, de acordo com o n\u00edvel de seguran\u00e7a adequado ao risco dos dados recolhidos.<\/p>\n<h4>Leis incorporadas na presente pol\u00edtica de privacidade<\/h4>\n<p>A presente pol\u00edtica de privacidade est\u00e1 adaptada \u00e0 legisla\u00e7\u00e3o espanhola e europeia em vigor em mat\u00e9ria de prote\u00e7\u00e3o de dados pessoais na Internet. Respeita, nomeadamente, as seguintes regras:<\/p>\n<ul>\n<li>Regulamento (UE) 2016\/679 do Parlamento Europeu e do Conselho, de 27 de abril de 2016, relativo \u00e0 prote\u00e7\u00e3o das pessoas singulares no que diz respeito ao tratamento de dados pessoais e \u00e0 livre circula\u00e7\u00e3o desses dados (RGPD).<\/li>\n<li>Lei Org\u00e2nica 3\/2018, de 5 de dezembro, sobre a Prote\u00e7\u00e3o de Dados Pessoais e Garantia dos Direitos Digitais (LOPD-GDD).<\/li>\n<li>Real Decreto 1720\/2007, de 21 de dezembro, pelo qual se aprova o Regulamento de desenvolvimento da Lei Org\u00e2nica 15\/1999, de 13 de dezembro, de Prote\u00e7\u00e3o de Dados de Car\u00e1cter Pessoal (RDLOPD).<\/li>\n<li>Lei 34\/2002, de 11 de julho, sobre Servi\u00e7os da Sociedade da Informa\u00e7\u00e3o e Com\u00e9rcio Eletr\u00f3nico (LSSI-CE).<\/li>\n<\/ul>\n<p>Utilizamos a ferramenta de consentimento &#8220;Real Cookie Banner&#8221; para gerir os cookies e outras tecnologias semelhantes utilizadas (pix\u00e9is de rastreio, web beacons, etc.), bem como os consentimentos relacionados com os mesmos. Informa\u00e7\u00f5es pormenorizadas sobre o funcionamento da Real Cookie Banner podem ser encontradas em &lt;a href=&#8221;https:\/\/devowl.io\/rcb\/data-processing\/&#8221; rel=&#8221;noreferrer&#8221; target=&#8221;_blank&#8221;&gt;https:\/\/devowl.io\/rcb\/data-processing\/&lt;\/a&gt;.<\/p>\n<p>A base jur\u00eddica para o tratamento de dados pessoais neste contexto \u00e9 o artigo 6.\u00ba, n.\u00ba 1, al\u00ednea c), do RGPD e o artigo 6. O nosso interesse leg\u00edtimo \u00e9 a gest\u00e3o dos cookies e das tecnologias semelhantes utilizadas e os respectivos consentimentos.<\/p>\n<p>O fornecimento de dados pessoais n\u00e3o \u00e9 contratualmente obrigat\u00f3rio nem necess\u00e1rio para a celebra\u00e7\u00e3o de um contrato. O utilizador n\u00e3o \u00e9 obrigado a fornecer os seus dados pessoais. Mas se n\u00e3o o fizer, n\u00e3o poderemos gerir os seus consentimentos.<\/p>\n<h4>Identidade do respons\u00e1vel pelo tratamento dos dados pessoais<\/h4>\n<p class=\"\">O respons\u00e1vel pelo tratamento dos dados pessoais recolhidos em&nbsp;<span class=\"blanc-space ng-binding\">campingarribesdelduero.com<\/span>&nbsp;en:&nbsp;<span class=\"blanc-space ng-binding\">Sergio Dom\u00ednguez Mir<\/span>, com n\u00famero de identifica\u00e7\u00e3o fiscal:&nbsp;<span class=\"blanc-space ng-binding\">35771028W<\/span>&nbsp;e registada em:&nbsp;com os seguintes dados de registo:&nbsp;, cujo representante \u00e9:&nbsp;<span class=\"blanc-space ng-binding\">campingarribesdelduero.com<\/span>&nbsp;(doravante, o Controlador de Dados). Os seus contactos s\u00e3o os seguintes:<\/p>\n<p>Endere\u00e7o:&nbsp;<span class=\"blanc-space ng-binding\">CARRETERA CL-517, KM 83, 37240. Lumbrales. Salamanca<\/span><\/p>\n<p>Telefone de contacto:&nbsp;<span class=\"blanc-space ng-binding\">611578754<\/span><\/p>\n<p>Correio eletr\u00f3nico de contacto:&nbsp;<span class=\"blanc-space ng-binding\">info@campingarribesdelduero.com<\/span><\/p>\n<h4>Registo de dados pessoais<\/h4>\n<p>Em conformidade com as disposi\u00e7\u00f5es do RGPD e da LOPD-GDD, informamos que os dados pessoais recolhidos por&nbsp;<span class=\"blanc-space ng-binding\">campingarribesdelduero.com<\/span>, atrav\u00e9s dos formul\u00e1rios alargados nas suas p\u00e1ginas, ser\u00e1 incorporado e tratado no nosso ficheiro com a finalidade de poder facilitar, agilizar e cumprir os compromissos estabelecidos entre&nbsp;<span class=\"blanc-space ng-binding\">campingarribesdelduero.com<\/span>&nbsp;e o Utilizador ou a manuten\u00e7\u00e3o da rela\u00e7\u00e3o estabelecida nos formul\u00e1rios que este preencha, ou para responder a um pedido ou consulta do mesmo. Da mesma forma, de acordo com as disposi\u00e7\u00f5es do RGPD e da LOPD-GDD, a menos que se aplique a exce\u00e7\u00e3o prevista no artigo 30.5 do RGPD, \u00e9 mantido um registo das actividades de tratamento que especifica, de acordo com as suas finalidades, as actividades de tratamento realizadas e as outras circunst\u00e2ncias estabelecidas no RGPD.<\/p>\n<h4>Princ\u00edpios aplic\u00e1veis ao tratamento de dados pessoais<\/h4>\n<p>O tratamento dos dados pessoais do Utilizador estar\u00e1 sujeito aos seguintes princ\u00edpios estabelecidos no artigo 5 do RGPD e no artigo 4 e seguintes da Lei Org\u00e2nica 3\/2018, de 5 de dezembro, sobre a Prote\u00e7\u00e3o de Dados Pessoais e a garantia dos direitos digitais:<\/p>\n<ul>\n<li>Princ\u00edpio da legalidade, da equidade e da transpar\u00eancia: o consentimento do Utilizador \u00e9 sempre exigido ap\u00f3s informa\u00e7\u00e3o completa e transparente sobre as finalidades para as quais os dados pessoais s\u00e3o recolhidos.<\/li>\n<li>Princ\u00edpio da limita\u00e7\u00e3o da finalidade: os dados pessoais ser\u00e3o recolhidos para fins espec\u00edficos, expl\u00edcitos e leg\u00edtimos.<\/li>\n<li>Princ\u00edpio da minimiza\u00e7\u00e3o dos dados: os dados pessoais recolhidos ser\u00e3o apenas os estritamente necess\u00e1rios em rela\u00e7\u00e3o \u00e0s finalidades para as quais s\u00e3o tratados.<\/li>\n<li>Princ\u00edpio da exatid\u00e3o: os dados pessoais devem ser exactos e estar sempre actualizados.<\/li>\n<li>Princ\u00edpio da limita\u00e7\u00e3o do per\u00edodo de conserva\u00e7\u00e3o: os dados pessoais s\u00f3 ser\u00e3o conservados de uma forma que permita a identifica\u00e7\u00e3o do Utilizador durante o tempo necess\u00e1rio para efeitos do seu tratamento.<\/li>\n<li>Princ\u00edpio da integridade e da confidencialidade: os dados pessoais devem ser tratados de forma a garantir a sua seguran\u00e7a e confidencialidade.<\/li>\n<li>Princ\u00edpio da responsabilidade pr\u00f3-ativa: o respons\u00e1vel pelo tratamento \u00e9 respons\u00e1vel por garantir o respeito dos princ\u00edpios acima referidos.<\/li>\n<\/ul>\n<h4>Categorias de dados pessoais<\/h4>\n<p class=\"\">As categorias de dados tratados em&nbsp;<span class=\"blanc-space ng-binding\">campingarribesdelduero.com<\/span>&nbsp;s\u00e3o apenas dados de identifica\u00e7\u00e3o. Em caso algum s\u00e3o processadas categorias especiais de dados pessoais na ace\u00e7\u00e3o do artigo 9\u00ba do RGPD.<\/p>\n<h4>Base jur\u00eddica para o tratamento de dados pessoais<\/h4>\n<p>A base legal para o tratamento de dados pessoais \u00e9 o consentimento.&nbsp;<span class=\"blanc-space ng-binding\">campingarribesdelduero.com<\/span>&nbsp;compromete-se a obter o consentimento expresso e verific\u00e1vel do Utilizador para o tratamento dos seus dados pessoais para uma ou mais finalidades espec\u00edficas.<\/p>\n<p>O Utilizador tem o direito de retirar o seu consentimento em qualquer altura. Ser\u00e1 t\u00e3o f\u00e1cil retirar o consentimento como d\u00e1-lo. Regra geral, a retirada do consentimento n\u00e3o condicionar\u00e1 a utiliza\u00e7\u00e3o do s\u00edtio Web.<\/p>\n<p>Nas ocasi\u00f5es em que o Utilizador deva ou possa fornecer os seus dados atrav\u00e9s de formul\u00e1rios para realizar consultas, solicitar informa\u00e7\u00f5es ou por motivos relacionados com o conte\u00fado do S\u00edtio Web, ser\u00e1 informado no caso de o preenchimento de algum deles ser obrigat\u00f3rio por ser imprescind\u00edvel para o correto desenvolvimento da opera\u00e7\u00e3o realizada.<\/p>\n<h4>Finalidades do tratamento para as quais os dados pessoais s\u00e3o utilizados<\/h4>\n<p>Os dados pessoais s\u00e3o recolhidos e geridos por&nbsp;<span class=\"blanc-space ng-binding\">campingarribesdelduero.com<\/span>&nbsp;com o objetivo de facilitar, agilizar e cumprir os compromissos estabelecidos entre o Site e o Utilizador ou a manuten\u00e7\u00e3o da rela\u00e7\u00e3o estabelecida nos formul\u00e1rios que este \u00faltimo preenche ou para responder a um pedido ou consulta.<\/p>\n<p>Da mesma forma, os dados podem ser utilizados para fins comerciais, de personaliza\u00e7\u00e3o, operacionais e estat\u00edsticos, bem como para actividades relacionadas com o objeto social da empresa.&nbsp;<span class=\"blanc-space ng-binding\">campingarribesdelduero.com<\/span>, bem como para a extra\u00e7\u00e3o, armazenamento de dados e estudos de marketing para adaptar o Conte\u00fado oferecido ao Utilizador, bem como para melhorar a qualidade, funcionamento e navega\u00e7\u00e3o do Website.<\/p>\n<p>No momento em que os dados pessoais s\u00e3o recolhidos, o Utilizador ser\u00e1 informado sobre a(s) finalidade(s) espec\u00edfica(s) do tratamento para o qual os dados pessoais ser\u00e3o utilizados, ou seja, a(s) utiliza\u00e7\u00e3o(\u00f5es) a que as informa\u00e7\u00f5es recolhidas ser\u00e3o submetidas.<\/p>\n<h4>Per\u00edodos de conserva\u00e7\u00e3o dos dados pessoais<\/h4>\n<p>Os dados pessoais ser\u00e3o conservados apenas durante o per\u00edodo m\u00ednimo necess\u00e1rio para efeitos do seu tratamento e, em qualquer caso, apenas durante o seguinte per\u00edodo:&nbsp;<span class=\"blanc-space ng-binding\">12 meses<\/span>, ou at\u00e9 que o Utilizador solicite a sua elimina\u00e7\u00e3o.<\/p>\n<p>No momento da obten\u00e7\u00e3o dos dados pessoais, o Utilizador ser\u00e1 informado do per\u00edodo durante o qual os dados pessoais ser\u00e3o conservados ou, se tal n\u00e3o for poss\u00edvel, dos crit\u00e9rios utilizados para determinar esse per\u00edodo.<\/p>\n<h4>Destinat\u00e1rios dos dados pessoais<\/h4>\n<p class=\"\">Os dados pessoais do Utilizador n\u00e3o ser\u00e3o partilhados com terceiros.<\/p>\n<p class=\"\">Em qualquer caso, no momento em que os dados pessoais s\u00e3o recolhidos, o Utilizador ser\u00e1 informado sobre os destinat\u00e1rios ou categorias de destinat\u00e1rios dos dados pessoais.<\/p>\n<h4>Dados pessoais de menores<\/h4>\n<p>Em conformidade com o disposto nos artigos 8.\u00ba do RGPD e 7.\u00ba da Lei Org\u00e2nica n.\u00ba 3\/2018, de 5 de dezembro, relativa \u00e0 prote\u00e7\u00e3o dos dados pessoais e \u00e0 garantia dos direitos digitais, apenas as pessoas com mais de 14 anos podem dar o seu consentimento para o tratamento dos seus dados pessoais de forma l\u00edcita atrav\u00e9s de&nbsp;<span class=\"blanc-space ng-binding\">campingarribesdelduero.com<\/span>. No caso de uma crian\u00e7a com menos de 14 anos de idade, \u00e9 necess\u00e1rio o consentimento dos pais ou tutores para o processamento, e o processamento s\u00f3 \u00e9 legal na medida em que os pais ou tutores tenham dado o seu consentimento.<\/p>\n<h4>Sigilo e seguran\u00e7a dos dados pessoais<\/h4>\n<p><span class=\"blanc-space ng-binding\">campingarribesdelduero.com<\/span>&nbsp;compromete-se a adotar as medidas t\u00e9cnicas e organizativas necess\u00e1rias, de acordo com o n\u00edvel de seguran\u00e7a adequado ao risco dos dados recolhidos, para garantir a seguran\u00e7a dos dados pessoais e evitar a destrui\u00e7\u00e3o, a perda ou a altera\u00e7\u00e3o acidental ou il\u00edcita dos dados pessoais transmitidos, conservados ou sujeitos a qualquer outro tipo de tratamento, bem como a comunica\u00e7\u00e3o ou o acesso n\u00e3o autorizados a esses dados.<\/p>\n<p>No entanto, porque&nbsp;<span class=\"blanc-space ng-binding\">campingarribesdelduero.com<\/span>&nbsp;n\u00e3o pode garantir a inexpugnabilidade da Internet nem a aus\u00eancia total de piratas inform\u00e1ticos ou de outras pessoas que obtenham acesso fraudulento a dados pessoais, o Respons\u00e1vel pelo Tratamento compromete-se a notificar o Utilizador, sem demora injustificada, quando ocorrer uma viola\u00e7\u00e3o da seguran\u00e7a dos dados pessoais suscet\u00edvel de implicar um elevado risco para os direitos e liberdades das pessoas singulares. Nos termos do artigo 4.\u00ba do RGPD, entende-se por viola\u00e7\u00e3o da seguran\u00e7a dos dados pessoais qualquer viola\u00e7\u00e3o da seguran\u00e7a que provoque, de modo acidental ou il\u00edcito, a destrui\u00e7\u00e3o, a perda ou a altera\u00e7\u00e3o de dados pessoais transmitidos, conservados ou sujeitos a qualquer outro tipo de tratamento, bem como a divulga\u00e7\u00e3o ou o acesso n\u00e3o autorizados a esses dados.<\/p>\n<p>Os dados pessoais ser\u00e3o tratados como confidenciais pelo respons\u00e1vel pelo tratamento de dados, que se compromete a informar e a garantir, por meio de uma obriga\u00e7\u00e3o legal ou contratual, que essa confidencialidade seja respeitada pelos seus funcion\u00e1rios, parceiros e qualquer outra pessoa a quem torne a informa\u00e7\u00e3o acess\u00edvel.<\/p>\n<h4>Direitos decorrentes do tratamento de dados pessoais<\/h4>\n<p>O Utilizador tem sobre&nbsp;<span class=\"blanc-space ng-binding\">campingarribesdelduero.com<\/span>&nbsp;e pode, portanto, exercer contra o Controlador de Dados os seguintes direitos reconhecidos no RGPD e na Lei Org\u00e2nica 3\/2018, de 5 de dezembro, sobre a Prote\u00e7\u00e3o de Dados Pessoais e garantia dos direitos digitais:<\/p>\n<ul>\n<li><i>Direito de acesso:<\/i>&nbsp;\u00c9 o direito do Utilizador de obter a confirma\u00e7\u00e3o de que&nbsp;<span class=\"blanc-space ng-binding\">campingarribesdelduero.com<\/span>&nbsp;est\u00e1 a tratar ou n\u00e3o os seus dados pessoais e, em caso afirmativo, obter informa\u00e7\u00f5es sobre os seus dados pessoais espec\u00edficos e o tratamento que&nbsp;<span class=\"blanc-space ng-binding\">campingarribesdelduero.com<\/span>&nbsp;efectuou ou efectuar\u00e1, assim como, entre outras, a informa\u00e7\u00e3o dispon\u00edvel sobre a origem de tais dados e os destinat\u00e1rios das comunica\u00e7\u00f5es efectuadas ou previstas.<\/li>\n<li><i>Direito de retifica\u00e7\u00e3o:<\/i>&nbsp;\u00c9 o direito do Utilizador de obter a retifica\u00e7\u00e3o dos seus dados pessoais se estes se revelarem inexactos ou, tendo em conta as finalidades do tratamento, incompletos.<\/li>\n<li><i>Direito de apagamento (&#8220;direito a ser esquecido&#8221;):<\/i>&nbsp;\u00c9 o direito do Utilizador, salvo disposi\u00e7\u00e3o legal em contr\u00e1rio, de obter o apagamento dos seus dados pessoais quando estes deixarem de ser necess\u00e1rios para os fins para que foram recolhidos ou tratados; o Utilizador tiver retirado o seu consentimento para o tratamento e n\u00e3o existir outro fundamento jur\u00eddico para o mesmo o Utilizador se opuser ao tratamento e n\u00e3o existir outro motivo leg\u00edtimo para continuar o tratamento; os dados pessoais tiverem sido tratados ilicitamente; os dados pessoais tiverem de ser apagados em cumprimento de uma obriga\u00e7\u00e3o legal; ou os dados pessoais tiverem sido obtidos na sequ\u00eancia de uma oferta direta de servi\u00e7os da sociedade da informa\u00e7\u00e3o a uma pessoa com menos de 14 anos de idade. Para al\u00e9m do apagamento, o respons\u00e1vel pelo tratamento deve, tendo em conta a tecnologia dispon\u00edvel e os custos de aplica\u00e7\u00e3o, tomar medidas razo\u00e1veis para informar os respons\u00e1veis pelo tratamento dos dados pessoais do pedido da pessoa em causa de apagamento de qualquer liga\u00e7\u00e3o a esses dados pessoais.<\/li>\n<li><i>Direito de limitar o tratamento:<\/i>&nbsp;\u00c9 o direito do Utilizador de limitar o tratamento dos seus dados pessoais. O Utilizador tem o direito de obter a limita\u00e7\u00e3o do tratamento se contestar a exatid\u00e3o dos seus dados pessoais; se o tratamento for ilegal; se o Respons\u00e1vel pelo Tratamento j\u00e1 n\u00e3o precisar dos dados pessoais, mas o Utilizador precisar deles para apresentar reclama\u00e7\u00f5es; e se o Utilizador se tiver oposto ao tratamento.<\/li>\n<li><i>Direito \u00e0 portabilidade dos dados:<\/i>&nbsp;Quando o tratamento for efectuado por meios automatizados, o Utilizador tem o direito de receber do Respons\u00e1vel pelo Tratamento os seus dados pessoais num formato estruturado, de uso corrente e de leitura autom\u00e1tica, e de os transmitir a outro Respons\u00e1vel pelo Tratamento. Sempre que tecnicamente poss\u00edvel, o respons\u00e1vel pelo tratamento transmite os dados diretamente a esse outro respons\u00e1vel pelo tratamento.<\/li>\n<li><i>Direito de oposi\u00e7\u00e3o:<\/i>&nbsp;\u00c9 direito do Utilizador n\u00e3o efetuar o tratamento dos seus dados pessoais ou cessar o tratamento dos mesmos por parte de&nbsp;<span class=\"blanc-space ng-binding\">campingarribesdelduero.com<\/span>.<\/li>\n<li><i>O direito de n\u00e3o ser objeto de uma decis\u00e3o baseada exclusivamente no tratamento automatizado, incluindo a defini\u00e7\u00e3o de perfis:<\/i>&nbsp;Trata-se do direito do Utilizador de n\u00e3o ficar sujeito a uma decis\u00e3o individualizada baseada exclusivamente no tratamento automatizado dos seus dados pessoais, incluindo a defini\u00e7\u00e3o de perfis, salvo disposi\u00e7\u00e3o legal em contr\u00e1rio.<\/li>\n<\/ul>\n<p>Por conseguinte, o Utilizador pode exercer os seus direitos atrav\u00e9s de uma comunica\u00e7\u00e3o escrita dirigida ao Respons\u00e1vel pelo Tratamento de Dados com a refer\u00eancia &#8220;RGPD-<span class=\"blanc-space ng-binding\">https:\/\/campingarribesdelduero.com\/&#8221;<\/span>, especificando:<\/p>\n<ul>\n<li>Nome, apelido e c\u00f3pia do bilhete de identidade do utilizador. Nos casos em que a representa\u00e7\u00e3o \u00e9 permitida, ser\u00e1 tamb\u00e9m necess\u00e1rio identificar pelos mesmos meios a pessoa que representa o Utilizador, bem como o documento que acredita a representa\u00e7\u00e3o. A fotoc\u00f3pia do bilhete de identidade pode ser substitu\u00edda por qualquer outro meio de prova de identidade legalmente v\u00e1lido.<\/li>\n<li>Pedido com raz\u00f5es espec\u00edficas para o pedido ou para a informa\u00e7\u00e3o a aceder.<\/li>\n<li>Endere\u00e7o para efeitos de notifica\u00e7\u00e3o.<\/li>\n<li>Data e assinatura do requerente.<\/li>\n<li>Qualquer documento comprovativo do pedido que est\u00e1 a fazer.<\/li>\n<\/ul>\n<p>A presente candidatura e os documentos que a acompanham podem ser enviados para o seguinte endere\u00e7o e\/ou endere\u00e7o eletr\u00f3nico<\/p>\n<p>Endere\u00e7o postal:&nbsp;<span class=\"blanc-space ng-binding\">CARRETERA CL-517, KM 83, 37240. Lumbrales. Salamanca<\/span><\/p>\n<p>Correio eletr\u00f3nico:&nbsp;<span class=\"blanc-space ng-binding\">info@campingarribesdelduero.com<\/span><\/p>\n<h4>Liga\u00e7\u00f5es a s\u00edtios Web de terceiros<\/h4>\n<p>O s\u00edtio Web pode incluir hiperliga\u00e7\u00f5es ou links que permitem o acesso a s\u00edtios Web de terceiros que n\u00e3o&nbsp;<span class=\"blanc-space ng-binding\">campingarribesdelduero.com<\/span>, e que, por conseguinte, n\u00e3o s\u00e3o operados por&nbsp;<span class=\"blanc-space ng-binding\">campingarribesdelduero.com<\/span>. Os propriet\u00e1rios desses s\u00edtios Web ter\u00e3o as suas pr\u00f3prias pol\u00edticas de prote\u00e7\u00e3o de dados, sendo eles pr\u00f3prios, em cada caso, respons\u00e1veis pelos seus pr\u00f3prios ficheiros e pelas suas pr\u00f3prias pr\u00e1ticas de privacidade.<\/p>\n<h4>Queixas \u00e0 autoridade de controlo<\/h4>\n<p>Caso o Utilizador considere que existe um problema ou uma viola\u00e7\u00e3o da regulamenta\u00e7\u00e3o em vigor na forma como os seus dados pessoais est\u00e3o a ser tratados, ter\u00e1 direito a uma prote\u00e7\u00e3o judicial eficaz e a apresentar uma queixa a uma autoridade de controlo, nomeadamente no Estado em que tem a sua resid\u00eancia habitual, o seu local de trabalho ou o local da alegada viola\u00e7\u00e3o. No caso de Espanha, a autoridade de controlo \u00e9 a Ag\u00eancia Espanhola de Prote\u00e7\u00e3o de Dados (http:\/\/www.agpd.es).<\/p>\n<h3>II. ACEITA\u00c7\u00c3O E ALTERA\u00c7\u00d5ES \u00c0 PRESENTE POL\u00cdTICA DE PRIVACIDADE<\/h3>\n<p>\u00c9 necess\u00e1rio que o Utilizador tenha lido e aceite as condi\u00e7\u00f5es de prote\u00e7\u00e3o dos dados pessoais contidas na presente Pol\u00edtica de Privacidade, bem como que aceite o tratamento dos seus dados pessoais para que o Respons\u00e1vel pelo Tratamento possa proceder da forma, durante os per\u00edodos e para os fins indicados. A utiliza\u00e7\u00e3o do s\u00edtio Web implica a aceita\u00e7\u00e3o da Pol\u00edtica de Privacidade do s\u00edtio Web.<\/p>\n<p><span class=\"blanc-space ng-binding\">campingarribesdelduero.com<\/span>&nbsp;reserva-se o direito de modificar a sua Pol\u00edtica de Privacidade, de acordo com os seus pr\u00f3prios crit\u00e9rios, ou motivado por uma altera\u00e7\u00e3o legislativa, jurisprudencial ou doutrinal da Ag\u00eancia Espanhola de Prote\u00e7\u00e3o de Dados. As altera\u00e7\u00f5es ou actualiza\u00e7\u00f5es da presente Pol\u00edtica de Privacidade n\u00e3o ser\u00e3o explicitamente notificadas ao Utilizador. Recomenda-se ao Utilizador que consulte periodicamente esta p\u00e1gina para se manter a par das \u00faltimas altera\u00e7\u00f5es ou actualiza\u00e7\u00f5es.<\/p>\n<p>A presente Pol\u00edtica de Privacidade foi actualizada para se adaptar ao Regulamento (UE) 2016\/679 do Parlamento Europeu e do Conselho, de 27 de abril de 2016, relativo \u00e0 prote\u00e7\u00e3o das pessoas singulares no que diz respeito ao tratamento de dados pessoais e \u00e0 livre circula\u00e7\u00e3o desses dados (RGPD) e \u00e0 Lei Org\u00e2nica 3\/2018, de 5 de dezembro, relativa \u00e0 prote\u00e7\u00e3o dos dados pessoais e \u00e0 garantia dos direitos digitais.<\/p>\n<\/div>\t\t\t\t\t\t\t\t<\/div>\n\t\t\t\t<\/div>\n\t\t\t\t<\/div>\n\t\t\t\t<\/div>\n\t\t","protected":false},"excerpt":{"rendered":"<p>POL\u00cdTICA DE PRIVACIDADE DO S\u00cdTIO WEB http:\/\/campingarribesdelduero.com\/pt-pt\/ I. POL\u00cdTICA DE PRIVACIDADE E PROTEC\u00c7\u00c3O DE DADOS Respeitando as disposi\u00e7\u00f5es da legisla\u00e7\u00e3o em vigor,&nbsp;campingarribesdelduero.com&nbsp;(doravante tamb\u00e9m Website) compromete-se a adotar as medidas t\u00e9cnicas e organizacionais necess\u00e1rias, de acordo com o n\u00edvel de seguran\u00e7a adequado ao risco dos dados recolhidos. Leis incorporadas na presente pol\u00edtica de privacidade A presente&#8230;<\/p>\n","protected":false},"author":1,"featured_media":0,"parent":0,"menu_order":0,"comment_status":"closed","ping_status":"closed","template":"","meta":{"_kad_post_transparent":"","_kad_post_title":"","_kad_post_layout":"","_kad_post_sidebar_id":"","_kad_post_content_style":"","_kad_post_vertical_padding":"","_kad_post_feature":"","_kad_post_feature_position":"","_kad_post_header":false,"_kad_post_footer":false,"_joinchat":[],"footnotes":""},"class_list":["post-2033","page","type-page","status-publish","hentry"],"aioseo_notices":[],"_links":{"self":[{"href":"https:\/\/campingarribesdelduero.com\/pt-pt\/wp-json\/wp\/v2\/pages\/2033","targetHints":{"allow":["GET"]}}],"collection":[{"href":"https:\/\/campingarribesdelduero.com\/pt-pt\/wp-json\/wp\/v2\/pages"}],"about":[{"href":"https:\/\/campingarribesdelduero.com\/pt-pt\/wp-json\/wp\/v2\/types\/page"}],"author":[{"embeddable":true,"href":"https:\/\/campingarribesdelduero.com\/pt-pt\/wp-json\/wp\/v2\/users\/1"}],"replies":[{"embeddable":true,"href":"https:\/\/campingarribesdelduero.com\/pt-pt\/wp-json\/wp\/v2\/comments?post=2033"}],"version-history":[{"count":6,"href":"https:\/\/campingarribesdelduero.com\/pt-pt\/wp-json\/wp\/v2\/pages\/2033\/revisions"}],"predecessor-version":[{"id":2247,"href":"https:\/\/campingarribesdelduero.com\/pt-pt\/wp-json\/wp\/v2\/pages\/2033\/revisions\/2247"}],"wp:attachment":[{"href":"https:\/\/campingarribesdelduero.com\/pt-pt\/wp-json\/wp\/v2\/media?parent=2033"}],"curies":[{"name":"wp","href":"https:\/\/api.w.org\/{rel}","templated":true}]}}