{"id":1960,"date":"2024-02-07T12:36:59","date_gmt":"2024-02-07T11:36:59","guid":{"rendered":"https:\/\/campingarribesdelduero.com\/condicoes-de-utilizacao\/"},"modified":"2025-02-09T11:32:57","modified_gmt":"2025-02-09T10:32:57","slug":"condicoes-de-utilizacao","status":"publish","type":"page","link":"https:\/\/campingarribesdelduero.com\/pt-pt\/condicoes-de-utilizacao\/","title":{"rendered":"Condi\u00e7\u00f5es de utiliza\u00e7\u00e3o"},"content":{"rendered":"\t\t<div data-elementor-type=\"wp-page\" data-elementor-id=\"1960\" class=\"elementor elementor-1960 elementor-1461\" data-elementor-post-type=\"page\">\n\t\t\t\t<div class=\"elementor-element elementor-element-55d531b e-con-full e-flex e-con e-parent\" data-id=\"55d531b\" data-element_type=\"container\" data-e-type=\"container\">\n\t\t\t\t<div class=\"elementor-element elementor-element-d384789 elementor-widget elementor-widget-spacer\" data-id=\"d384789\" data-element_type=\"widget\" data-e-type=\"widget\" data-widget_type=\"spacer.default\">\n\t\t\t\t<div class=\"elementor-widget-container\">\n\t\t\t\t\t\t\t<div class=\"elementor-spacer\">\n\t\t\t<div class=\"elementor-spacer-inner\"><\/div>\n\t\t<\/div>\n\t\t\t\t\t\t<\/div>\n\t\t\t\t<\/div>\n\t\t\t\t<div class=\"elementor-element elementor-element-29312c7 elementor-widget elementor-widget-text-editor\" data-id=\"29312c7\" data-element_type=\"widget\" data-e-type=\"widget\" data-widget_type=\"text-editor.default\">\n\t\t\t\t<div class=\"elementor-widget-container\">\n\t\t\t\t\t\t\t\t\t<p>A visita ao s\u00edtio Web por parte do utilizador deve ser efectuada de forma respons\u00e1vel e em conformidade com a legisla\u00e7\u00e3o em vigor, a boa f\u00e9, o presente Aviso Legal e o respeito pelos direitos de propriedade intelectual e industrial de que o Camping Arribes del Duero ou quaisquer outras pessoas singulares ou colectivas sejam titulares.<\/p>\n<p>\u00c9 totalmente proibida a utiliza\u00e7\u00e3o de qualquer dos conte\u00fados do s\u00edtio Web para fins il\u00edcitos ou que possam ser il\u00edcitos, bem como a realiza\u00e7\u00e3o de qualquer a\u00e7\u00e3o que cause ou possa causar danos ou altera\u00e7\u00f5es de qualquer tipo n\u00e3o consentidos pelo Camping Arribes del Duero, no s\u00edtio Web ou nos seus conte\u00fados.<\/p>\n<p>O propriet\u00e1rio do s\u00edtio Web n\u00e3o se identifica com as opini\u00f5es expressas pelos seus colaboradores. A empresa reserva-se o direito de efetuar as modifica\u00e7\u00f5es que considere oportunas no seu s\u00edtio Web sem aviso pr\u00e9vio, podendo alterar, suprimir ou acrescentar tanto os conte\u00fados e servi\u00e7os fornecidos atrav\u00e9s do s\u00edtio Web como a forma como estes s\u00e3o apresentados ou localizados nos seus servidores.<\/p>\n<p>\u00c9 estritamente proibida a utiliza\u00e7\u00e3o de qualquer dos conte\u00fados do s\u00edtio Web para fins il\u00edcitos, bem como a realiza\u00e7\u00e3o de qualquer a\u00e7\u00e3o que cause ou possa causar danos ou altera\u00e7\u00f5es de qualquer tipo n\u00e3o consentidos pelo Camping Arribes del Duero, ao s\u00edtio Web ou aos seus conte\u00fados.<\/p>\n\t\t\t\t\t\t\t\t<\/div>\n\t\t\t\t<\/div>\n\t\t\t\t<\/div>\n\t\t\t\t<\/div>\n\t\t","protected":false},"excerpt":{"rendered":"<p>A visita ao s\u00edtio Web por parte do utilizador deve ser efectuada de forma respons\u00e1vel e em conformidade com a legisla\u00e7\u00e3o em vigor, a boa f\u00e9, o presente Aviso Legal e o respeito pelos direitos de propriedade intelectual e industrial de que o Camping Arribes del Duero ou quaisquer outras pessoas singulares ou colectivas sejam&#8230;<\/p>\n","protected":false},"author":1,"featured_media":889,"parent":0,"menu_order":0,"comment_status":"closed","ping_status":"closed","template":"elementor_theme","meta":{"_kad_post_transparent":"","_kad_post_title":"","_kad_post_layout":"","_kad_post_sidebar_id":"","_kad_post_content_style":"","_kad_post_vertical_padding":"","_kad_post_feature":"","_kad_post_feature_position":"","_kad_post_header":false,"_kad_post_footer":false,"_joinchat":[],"footnotes":""},"class_list":["post-1960","page","type-page","status-publish","has-post-thumbnail","hentry"],"aioseo_notices":[],"_links":{"self":[{"href":"https:\/\/campingarribesdelduero.com\/pt-pt\/wp-json\/wp\/v2\/pages\/1960","targetHints":{"allow":["GET"]}}],"collection":[{"href":"https:\/\/campingarribesdelduero.com\/pt-pt\/wp-json\/wp\/v2\/pages"}],"about":[{"href":"https:\/\/campingarribesdelduero.com\/pt-pt\/wp-json\/wp\/v2\/types\/page"}],"author":[{"embeddable":true,"href":"https:\/\/campingarribesdelduero.com\/pt-pt\/wp-json\/wp\/v2\/users\/1"}],"replies":[{"embeddable":true,"href":"https:\/\/campingarribesdelduero.com\/pt-pt\/wp-json\/wp\/v2\/comments?post=1960"}],"version-history":[{"count":2,"href":"https:\/\/campingarribesdelduero.com\/pt-pt\/wp-json\/wp\/v2\/pages\/1960\/revisions"}],"predecessor-version":[{"id":5100,"href":"https:\/\/campingarribesdelduero.com\/pt-pt\/wp-json\/wp\/v2\/pages\/1960\/revisions\/5100"}],"wp:featuredmedia":[{"embeddable":true,"href":"https:\/\/campingarribesdelduero.com\/pt-pt\/wp-json\/wp\/v2\/media\/889"}],"wp:attachment":[{"href":"https:\/\/campingarribesdelduero.com\/pt-pt\/wp-json\/wp\/v2\/media?parent=1960"}],"curies":[{"name":"wp","href":"https:\/\/api.w.org\/{rel}","templated":true}]}}