{"id":5069,"date":"2023-05-27T05:08:26","date_gmt":"2023-05-27T04:08:26","guid":{"rendered":"https:\/\/campingarribesdelduero.com\/contact\/"},"modified":"2026-02-12T19:06:27","modified_gmt":"2026-02-12T18:06:27","slug":"contact","status":"publish","type":"page","link":"https:\/\/campingarribesdelduero.com\/fr\/contact\/","title":{"rendered":"CONTACT"},"content":{"rendered":"\t\t<div data-elementor-type=\"wp-page\" data-elementor-id=\"5069\" class=\"elementor elementor-5069 elementor-403\" data-elementor-post-type=\"page\">\n\t\t\t\t<div class=\"elementor-element elementor-element-1d7bc1ea e-con-full animated-slow e-flex elementor-invisible e-con e-parent\" data-id=\"1d7bc1ea\" data-element_type=\"container\" data-e-type=\"container\" data-settings=\"{&quot;background_background&quot;:&quot;classic&quot;,&quot;animation&quot;:&quot;fadeIn&quot;}\">\n\t\t<div class=\"elementor-element elementor-element-3e8c5a86 e-con-full e-flex e-con e-child\" data-id=\"3e8c5a86\" data-element_type=\"container\" data-e-type=\"container\">\n\t\t\t\t<div class=\"elementor-element elementor-element-b232719 elementor-widget elementor-widget-heading\" data-id=\"b232719\" data-element_type=\"widget\" data-e-type=\"widget\" data-widget_type=\"heading.default\">\n\t\t\t\t<div class=\"elementor-widget-container\">\n\t\t\t\t\t<h2 class=\"elementor-heading-title elementor-size-default\">Contactez nous<\/h2>\t\t\t\t<\/div>\n\t\t\t\t<\/div>\n\t\t\t\t<div class=\"elementor-element elementor-element-4f3a3910 elementor-widget elementor-widget-heading\" data-id=\"4f3a3910\" data-element_type=\"widget\" data-e-type=\"widget\" data-widget_type=\"heading.default\">\n\t\t\t\t<div class=\"elementor-widget-container\">\n\t\t\t\t\t<p class=\"elementor-heading-title elementor-size-default\">N'h\u00e9sitez pas \u00e0 nous contacter en remplissant ce formulaire ou par les canaux suivants<\/p>\t\t\t\t<\/div>\n\t\t\t\t<\/div>\n\t\t\t\t<\/div>\n\t\t<div class=\"elementor-element elementor-element-4921e2ed e-con-full e-flex e-con e-child\" data-id=\"4921e2ed\" data-element_type=\"container\" data-e-type=\"container\">\n\t\t\t\t<div class=\"elementor-element elementor-element-187211b elementor-widget elementor-widget-wpforms\" data-id=\"187211b\" data-element_type=\"widget\" data-e-type=\"widget\" data-widget_type=\"wpforms.default\">\n\t\t\t\t<div class=\"elementor-widget-container\">\n\t\t\t\t\t<style id=\"wpforms-css-vars-elementor-widget-187211b\">\n\t\t\t\t.elementor-widget-wpforms.elementor-element-187211b {\n\t\t\t\t--wpforms-button-background-color: #53693A;\n--wpforms-field-size-input-height: 31px;\n--wpforms-field-size-input-spacing: 10px;\n--wpforms-field-size-font-size: 14px;\n--wpforms-field-size-line-height: 17px;\n--wpforms-field-size-padding-h: 9px;\n--wpforms-field-size-checkbox-size: 14px;\n--wpforms-field-size-sublabel-spacing: 5px;\n--wpforms-field-size-icon-size: 0.75;\n\t\t\t}\n\t\t\t<\/style><div class=\"wpforms-container wpforms-container-full wpforms-render-modern\" id=\"wpforms-4187\"><form id=\"wpforms-form-4187\" class=\"wpforms-validate wpforms-form wpforms-ajax-form\" data-formid=\"4187\" method=\"post\" enctype=\"multipart\/form-data\" action=\"\/fr\/wp-json\/wp\/v2\/pages\/5069\" data-token=\"d8365ed1a5db599d586f1041ce3f3c78\" data-token-time=\"1778768753\"><noscript class=\"wpforms-error-noscript\">Veuillez activer JavaScript dans votre navigateur pour remplir ce formulaire.<\/noscript><div id=\"wpforms-error-noscript\" style=\"display: none;\">Veuillez activer JavaScript dans votre navigateur pour remplir ce formulaire.<\/div><div class=\"wpforms-field-container\"><div id=\"wpforms-4187-field_1-container\" class=\"wpforms-field wpforms-field-name\" data-field-id=\"1\"><label class=\"wpforms-field-label\" for=\"wpforms-4187-field_1\">Nom et pr\u00e9nom <span class=\"wpforms-required-label\" aria-hidden=\"true\">*<\/span><\/label><input type=\"text\" id=\"wpforms-4187-field_1\" class=\"wpforms-field-medium wpforms-field-required\" name=\"wpforms[fields][1]\" aria-errormessage=\"wpforms-4187-field_1-error\" required><\/div><div id=\"wpforms-4187-field_4-container\" class=\"wpforms-field wpforms-field-number\" data-field-id=\"4\"><label class=\"wpforms-field-label\" for=\"wpforms-4187-field_4\">Num\u00e9ro de t\u00e9l\u00e9phone du contact<\/label><input type=\"number\" id=\"wpforms-4187-field_4\" class=\"wpforms-field-medium\" name=\"wpforms[fields][4]\" step=\"any\" aria-errormessage=\"wpforms-4187-field_4-error\" ><\/div><div id=\"wpforms-4187-field_2-container\" class=\"wpforms-field wpforms-field-email\" data-field-id=\"2\"><label class=\"wpforms-field-label\" for=\"wpforms-4187-field_2\">Adresse \u00e9lectronique <span class=\"wpforms-required-label\" aria-hidden=\"true\">*<\/span><\/label><input type=\"email\" id=\"wpforms-4187-field_2\" class=\"wpforms-field-medium wpforms-field-required\" name=\"wpforms[fields][2]\" spellcheck=\"false\" aria-errormessage=\"wpforms-4187-field_2-error\" required><\/div>\t\t<div id=\"wpforms-4187-field_6-container\"\n\t\t\tclass=\"wpforms-field wpforms-field-text\"\n\t\t\tdata-field-type=\"text\"\n\t\t\tdata-field-id=\"6\"\n\t\t\t>\n\t\t\t<label class=\"wpforms-field-label\" for=\"wpforms-4187-field_6\" >Laissez contact \u00e9lectronique<\/label>\n\t\t\t<input type=\"text\" id=\"wpforms-4187-field_6\" class=\"wpforms-field-medium\" name=\"wpforms[fields][6]\" >\n\t\t<\/div>\n\t\t<div id=\"wpforms-4187-field_3-container\" class=\"wpforms-field wpforms-field-textarea\" data-field-id=\"3\"><label class=\"wpforms-field-label\" for=\"wpforms-4187-field_3\">Laissez un message <span class=\"wpforms-required-label\" aria-hidden=\"true\">*<\/span><\/label><textarea id=\"wpforms-4187-field_3\" class=\"wpforms-field-medium wpforms-field-required\" name=\"wpforms[fields][3]\" aria-errormessage=\"wpforms-4187-field_3-error\" required><\/textarea><\/div><div id=\"wpforms-4187-field_5-container\" class=\"wpforms-field wpforms-field-checkbox\" data-field-id=\"5\"><fieldset><legend class=\"wpforms-field-label wpforms-label-hide\" aria-hidden=\"false\">Politique de confidentialit\u00e9 <span class=\"wpforms-required-label\" aria-hidden=\"true\">*<\/span><\/legend><ul id=\"wpforms-4187-field_5\" class=\"wpforms-field-required\"><li class=\"choice-1 depth-1\"><input type=\"checkbox\" id=\"wpforms-4187-field_5_1\" name=\"wpforms[fields][5][]\" value=\"J&#039;accepte la politique de confidentialit\u00e9 : je consens \u00e0 ce que ce site web stocke les informations que je soumets afin de pouvoir r\u00e9pondre \u00e0 ma demande.\" aria-errormessage=\"wpforms-4187-field_5_1-error\" required ><label class=\"wpforms-field-label-inline\" for=\"wpforms-4187-field_5_1\">J'accepte la politique de confidentialit\u00e9 : je consens \u00e0 ce que ce site web stocke les informations que je soumets afin de pouvoir r\u00e9pondre \u00e0 ma demande.<\/label><\/li><\/ul><\/fieldset><\/div><script>\n\t\t\t\t( function() {\n\t\t\t\t\tconst style = document.createElement( 'style' );\n\t\t\t\t\tstyle.appendChild( document.createTextNode( '#wpforms-4187-field_6-container { position: absolute !important; overflow: hidden !important; display: inline !important; height: 1px !important; width: 1px !important; z-index: -1000 !important; padding: 0 !important; } #wpforms-4187-field_6-container input { visibility: hidden; } #wpforms-conversational-form-page #wpforms-4187-field_6-container label { counter-increment: none; }' ) );\n\t\t\t\t\tdocument.head.appendChild( style );\n\t\t\t\t\tdocument.currentScript?.remove();\n\t\t\t\t} )();\n\t\t\t<\/script><\/div><!-- .wpforms-field-container --><div class=\"wpforms-recaptcha-container wpforms-is-recaptcha wpforms-is-recaptcha-type-v3\" ><input type=\"hidden\" name=\"wpforms[recaptcha]\" value=\"\"><\/div><div class=\"wpforms-submit-container\" ><input type=\"hidden\" name=\"wpforms[id]\" value=\"4187\"><input type=\"hidden\" name=\"page_title\" value=\"\"><input type=\"hidden\" name=\"page_url\" value=\"https:\/\/campingarribesdelduero.com\/fr\/wp-json\/wp\/v2\/pages\/5069\"><input type=\"hidden\" name=\"url_referer\" value=\"\"><button type=\"submit\" name=\"wpforms[submit]\" id=\"wpforms-submit-4187\" class=\"wpforms-submit\" data-alt-text=\"Envoi...\" data-submit-text=\"Envoyer\" aria-live=\"assertive\" value=\"wpforms-submit\">Envoyer<\/button><img decoding=\"async\" src=\"https:\/\/campingarribesdelduero.com\/wp-content\/plugins\/wpforms-lite\/assets\/images\/submit-spin.svg\" class=\"wpforms-submit-spinner\" style=\"display: none;\" width=\"26\" height=\"26\" alt=\"Chargement en cours\"><\/div><\/form><\/div>  <!-- .wpforms-container -->\t\t\t\t<\/div>\n\t\t\t\t<\/div>\n\t\t\t\t<\/div>\n\t\t\t\t<\/div>\n\t\t<div class=\"elementor-element elementor-element-252cfef8 e-con-full animated-slow e-flex elementor-invisible e-con e-parent\" data-id=\"252cfef8\" data-element_type=\"container\" data-e-type=\"container\" data-settings=\"{&quot;background_background&quot;:&quot;classic&quot;,&quot;animation&quot;:&quot;fadeIn&quot;}\">\n\t\t<div class=\"elementor-element elementor-element-5d4828c3 e-con-full e-flex e-con e-child\" data-id=\"5d4828c3\" data-element_type=\"container\" data-e-type=\"container\">\n\t\t<div class=\"elementor-element elementor-element-1cf3dc89 e-con-full e-flex e-con e-child\" data-id=\"1cf3dc89\" data-element_type=\"container\" data-e-type=\"container\">\n\t\t\t\t<div class=\"elementor-element elementor-element-38237dfd elementor-view-default elementor-position-block-start elementor-mobile-position-block-start elementor-widget elementor-widget-icon-box\" data-id=\"38237dfd\" data-element_type=\"widget\" data-e-type=\"widget\" data-widget_type=\"icon-box.default\">\n\t\t\t\t<div class=\"elementor-widget-container\">\n\t\t\t\t\t\t\t<div class=\"elementor-icon-box-wrapper\">\n\n\t\t\t\t\t\t<div class=\"elementor-icon-box-icon\">\n\t\t\t\t<span  class=\"elementor-icon\">\n\t\t\t\t<svg xmlns=\"http:\/\/www.w3.org\/2000\/svg\" id=\"a\" width=\"28\" height=\"38.0327\" viewBox=\"0 0 28 38.0327\"><path d=\"M21,28.4155c2.0312-2.7803,3.6514-5.3223,4.8125-7.5552,1.4512-2.7891,2.1875-5.0972,2.1875-6.8604C28,6.2803,21.7197,0,14,0S0,6.2803,0,14c0,1.7646,.7358,4.0728,2.1875,6.8604,1.1597,2.229,2.7788,4.771,4.8125,7.5552,1.4473,1.9824,3.0664,4.0361,4.8125,6.1045,.5139,.6098,.9463,1.1093,1.2993,1.5127H4.0645c-.5522,0-1,.4473-1,1s.4478,1,1,1H23.4834c.5527,0,1-.4473,1-1s-.4473-1-1-1H14.8882c.353-.4036,.7853-.9036,1.2983-1.5117,1.1973-1.418,3.0039-3.6279,4.8135-6.1055Zm-12.3848-1.1797c-1.9746-2.7031-3.54-5.1582-4.6533-7.2988-1.2837-2.4648-1.9619-4.5176-1.9619-5.937C2,7.3833,7.3833,2,14,2s12,5.3833,12,12c0,1.418-.6777,3.4712-1.9609,5.9375-1.1162,2.1431-2.6816,4.5981-4.6543,7.2983-1.7754,2.4307-3.5498,4.6016-4.7266,5.9951-.2344,.2783-.4546,.5371-.6582,.7734-.2036-.2373-.4243-.4951-.6592-.7734-1.7158-2.0332-3.3057-4.0498-4.7256-5.9951Z\"><\/path><path d=\"M20.7744,13.0972c0-3.7354-3.0391-6.7744-6.7744-6.7744s-6.7744,3.0391-6.7744,6.7744,3.0391,6.7739,6.7744,6.7739,6.7744-3.0386,6.7744-6.7739Zm-11.5488,0c0-2.6328,2.1416-4.7744,4.7744-4.7744s4.7744,2.1416,4.7744,4.7744-2.1416,4.7739-4.7744,4.7739-4.7744-2.1416-4.7744-4.7739Z\"><\/path><\/svg>\t\t\t\t<\/span>\n\t\t\t<\/div>\n\t\t\t\n\t\t\t\t\t\t<div class=\"elementor-icon-box-content\">\n\n\t\t\t\t\t\t\t\t\t<h3 class=\"elementor-icon-box-title\">\n\t\t\t\t\t\t<span  >\n\t\t\t\t\t\t\tO\u00f9 nous sommes\t\t\t\t\t\t<\/span>\n\t\t\t\t\t<\/h3>\n\t\t\t\t\n\t\t\t\t\t\t\t\t\t<p class=\"elementor-icon-box-description\">\n\t\t\t\t\t\t\n<br>Carretera 517, km 83 37240 Lumbrales - Salamanca\t\t\t\t\t<\/p>\n\t\t\t\t\n\t\t\t<\/div>\n\t\t\t\n\t\t<\/div>\n\t\t\t\t\t\t<\/div>\n\t\t\t\t<\/div>\n\t\t\t\t<div class=\"elementor-element elementor-element-41e7c22 elementor-widget elementor-widget-icon-box\" data-id=\"41e7c22\" data-element_type=\"widget\" data-e-type=\"widget\" data-widget_type=\"icon-box.default\">\n\t\t\t\t<div class=\"elementor-widget-container\">\n\t\t\t\t\t\t\t<div class=\"elementor-icon-box-wrapper\">\n\n\t\t\t\n\t\t\t\t\t\t<div class=\"elementor-icon-box-content\">\n\n\t\t\t\t\t\t\t\t\t<h3 class=\"elementor-icon-box-title\">\n\t\t\t\t\t\t<span  >\n\t\t\t\t\t\t\tCoordonn\u00e9es GPS\t\t\t\t\t\t<\/span>\n\t\t\t\t\t<\/h3>\n\t\t\t\t\n\t\t\t\t\t\t\t\t\t<p class=\"elementor-icon-box-description\">\n\t\t\t\t\t\t40\u00b057'29.6\u2033N 6\u00b039'11.7\u2033W\t\t\t\t\t<\/p>\n\t\t\t\t\n\t\t\t<\/div>\n\t\t\t\n\t\t<\/div>\n\t\t\t\t\t\t<\/div>\n\t\t\t\t<\/div>\n\t\t\t\t<\/div>\n\t\t<div class=\"elementor-element elementor-element-52b327e4 e-con-full e-flex e-con e-child\" data-id=\"52b327e4\" data-element_type=\"container\" data-e-type=\"container\">\n\t\t\t\t<div class=\"elementor-element elementor-element-2e3bdd33 elementor-view-default elementor-position-block-start elementor-mobile-position-block-start elementor-widget elementor-widget-icon-box\" data-id=\"2e3bdd33\" data-element_type=\"widget\" data-e-type=\"widget\" data-widget_type=\"icon-box.default\">\n\t\t\t\t<div class=\"elementor-widget-container\">\n\t\t\t\t\t\t\t<div class=\"elementor-icon-box-wrapper\">\n\n\t\t\t\t\t\t<div class=\"elementor-icon-box-icon\">\n\t\t\t\t<span  class=\"elementor-icon\">\n\t\t\t\t<svg xmlns=\"http:\/\/www.w3.org\/2000\/svg\" id=\"a\" width=\"39\" height=\"27.0005\" viewBox=\"0 0 39 27.0005\"><path d=\"M37,0H2C.897,0,0,.897,0,2V25.0005c0,1.1025,.897,2,2,2H37c1.1025,0,2-.8975,2-2V2c0-1.103-.8975-2-2-2Zm-2.2363,2l-15.2637,9.3281L4.2363,2h30.5275ZM2,25.0005l-.0014-22.0236L18.9785,13.3535c.1602,.0977,.3408,.1465,.5215,.1465s.3613-.0488,.5215-.1465L37,2.9778V25.0005H2Z\"><\/path><path d=\"M18.5,19.7505H6c-.4141,0-.75,.3359-.75,.75s.3359,.75,.75,.75h12.5c.4141,0,.75-.3359,.75-.75s-.3359-.75-.75-.75Z\"><\/path><path d=\"M6,17.7505h6c.4141,0,.75-.3359,.75-.75s-.3359-.75-.75-.75H6c-.4141,0-.75,.3359-.75,.75s.3359,.75,.75,.75Z\"><\/path><\/svg>\t\t\t\t<\/span>\n\t\t\t<\/div>\n\t\t\t\n\t\t\t\t\t\t<div class=\"elementor-icon-box-content\">\n\n\t\t\t\t\t\t\t\t\t<h3 class=\"elementor-icon-box-title\">\n\t\t\t\t\t\t<span  >\n\t\t\t\t\t\t\tCourriel\t\t\t\t\t\t<\/span>\n\t\t\t\t\t<\/h3>\n\t\t\t\t\n\t\t\t\t\t\t\t\t\t<p class=\"elementor-icon-box-description\">\n\t\t\t\t\t\tinfo@campingarribesdelduero.com\t\t\t\t\t<\/p>\n\t\t\t\t\n\t\t\t<\/div>\n\t\t\t\n\t\t<\/div>\n\t\t\t\t\t\t<\/div>\n\t\t\t\t<\/div>\n\t\t\t\t<\/div>\n\t\t<div class=\"elementor-element elementor-element-23eb7f7 e-con-full e-flex e-con e-child\" data-id=\"23eb7f7\" data-element_type=\"container\" data-e-type=\"container\">\n\t\t\t\t<div class=\"elementor-element elementor-element-d02cf95 elementor-view-default elementor-position-block-start elementor-mobile-position-block-start elementor-widget elementor-widget-icon-box\" data-id=\"d02cf95\" data-element_type=\"widget\" data-e-type=\"widget\" data-widget_type=\"icon-box.default\">\n\t\t\t\t<div class=\"elementor-widget-container\">\n\t\t\t\t\t\t\t<div class=\"elementor-icon-box-wrapper\">\n\n\t\t\t\t\t\t<div class=\"elementor-icon-box-icon\">\n\t\t\t\t<span  class=\"elementor-icon\">\n\t\t\t\t<svg xmlns=\"http:\/\/www.w3.org\/2000\/svg\" id=\"a\" width=\"35\" height=\"35\" viewBox=\"0 0 35 35\"><path d=\"M33.7872,25.1837l-4.3237-4.3201c-.764-.7919-1.6854-1.2153-2.662-1.2153-.9687,0-1.898,.4155-2.6934,1.2074l-2.4887,2.4698c-.2048-.1098-.4095-.2117-.6064-.3136-.2836-.1412-.5513-.2744-.7797-.4156-2.3312-1.474-4.4496-3.3949-6.4816-5.8803-.9845-1.2388-1.646-2.2816-2.1264-3.3401,.6458-.588,1.2443-1.1996,1.8271-1.7877,.2205-.2195,.441-.4469,.6616-.6664,1.6538-1.6465,1.6538-3.7791,0-5.4257l-2.1501-2.1404c-.2441-.243-.4962-.494-.7324-.7448-.4725-.4861-.9687-.9879-1.4807-1.4584-.7639-.7527-1.6775-1.1525-2.6383-1.1525s-1.8901,.3998-2.6777,1.1525l-.0157,.0157L1.7414,3.8575C.7333,4.8611,.1584,6.0842,.0324,7.5034c-.189,2.2894,.4883,4.4221,1.0081,5.8176,1.2759,3.4263,3.1818,6.6017,6.0248,10.0045,3.4495,4.1006,7.5999,7.3387,12.341,9.6203,1.8114,.8546,4.2292,1.866,6.9306,2.0385,.1653,.0079,.3386,.0157,.4961,.0157,1.8193,0,3.3471-.6508,4.5442-1.9444,.0079-.0157,.0237-.0236,.0315-.0392,.4096-.494,.8821-.9409,1.3783-1.4192,.3386-.3214,.6851-.6586,1.0238-1.0114,.7797-.8076,1.1892-1.7484,1.1892-2.7128,0-.9722-.4174-1.9053-1.2128-2.6893Zm-1.5043,3.9359c-.3071,.3293-.6221,.6273-.9608,.9566-.5119,.4861-1.0317,.9957-1.52,1.5681-.7954,.8467-1.7326,1.2466-2.9612,1.2466-.1181,0-.2441,0-.3623-.0078-2.339-.149-4.5127-1.0585-6.1429-1.8347-4.4576-2.1483-8.3718-5.1983-11.6244-9.0636-2.6855-3.2225-4.4812-6.2019-5.6704-9.4008-.7324-1.9523-1.0002-3.4733-.8821-4.9081,.0787-.9174,.4332-1.6779,1.0869-2.3286l2.6855-2.6736c.3859-.3607,.7954-.5566,1.1971-.5566,.4962,0,.8978,.2979,1.1498,.5488l.0236,.0235c.4804,.4469,.9372,.9095,1.4176,1.4034,.2441,.2509,.4962,.5018,.7482,.7606l2.15,2.1404c.8348,.8311,.8348,1.5995,0,2.4305-.2284,.2274-.4489,.4548-.6773,.6743-.6616,.6742-1.2916,1.3015-1.9768,1.913-.0157,.0157-.0315,.0236-.0394,.0393-.6773,.6742-.5513,1.3328-.4095,1.7797l.0237,.0706c.5591,1.3486,1.3467,2.6187,2.5438,4.132l.0078,.0078c2.1737,2.6658,4.4655,4.7435,6.9935,6.3351,.3229,.2039,.6537,.3685,.9688,.5253,.2836,.1412,.5513,.2745,.7797,.4156,.0315,.0157,.063,.0392,.0945,.0549,.2678,.1333,.5198,.196,.7797,.196,.6537,0,1.0632-.4077,1.1971-.541l2.6935-2.6815c.2677-.2665,.693-.588,1.1892-.588,.4883,0,.8899,.3058,1.134,.5724l.0158,.0156,4.3394,4.3201c.8112,.7998,.8112,1.623,.0079,2.4541Z\"><\/path><\/svg>\t\t\t\t<\/span>\n\t\t\t<\/div>\n\t\t\t\n\t\t\t\t\t\t<div class=\"elementor-icon-box-content\">\n\n\t\t\t\t\t\t\t\t\t<h3 class=\"elementor-icon-box-title\">\n\t\t\t\t\t\t<span  >\n\t\t\t\t\t\t\tT\u00e9l\u00e9phone\t\t\t\t\t\t<\/span>\n\t\t\t\t\t<\/h3>\n\t\t\t\t\n\t\t\t\t\t\t\t\t\t<p class=\"elementor-icon-box-description\">\n\t\t\t\t\t\t+34 611 578 754\t\t\t\t\t<\/p>\n\t\t\t\t\n\t\t\t<\/div>\n\t\t\t\n\t\t<\/div>\n\t\t\t\t\t\t<\/div>\n\t\t\t\t<\/div>\n\t\t\t\t<\/div>\n\t\t\t\t<\/div>\n\t\t\t\t<\/div>\n\t\t<div class=\"elementor-element elementor-element-a272b8e e-flex e-con-boxed e-con e-parent\" data-id=\"a272b8e\" data-element_type=\"container\" data-e-type=\"container\">\n\t\t\t\t\t<div class=\"e-con-inner\">\n\t\t<div class=\"elementor-element elementor-element-f21485a e-con-full e-flex e-con e-child\" data-id=\"f21485a\" data-element_type=\"container\" data-e-type=\"container\">\n\t\t<div class=\"elementor-element elementor-element-b225f98 e-grid e-con-full e-con e-child\" data-id=\"b225f98\" data-element_type=\"container\" data-e-type=\"container\">\n\t\t<div class=\"elementor-element elementor-element-d727282 e-con-full e-flex e-con e-child\" data-id=\"d727282\" data-element_type=\"container\" data-e-type=\"container\">\n\t\t\t\t<div class=\"elementor-element elementor-element-36345d0 elementor-widget elementor-widget-heading\" data-id=\"36345d0\" data-element_type=\"widget\" data-e-type=\"widget\" data-widget_type=\"heading.default\">\n\t\t\t\t<div class=\"elementor-widget-container\">\n\t\t\t\t\t<h3 class=\"elementor-heading-title elementor-size-default\">Suivez-nous sur les m\u00e9dias sociaux<\/h3>\t\t\t\t<\/div>\n\t\t\t\t<\/div>\n\t\t\t\t<\/div>\n\t\t<div class=\"elementor-element elementor-element-c4b696d e-con-full e-flex e-con e-child\" data-id=\"c4b696d\" data-element_type=\"container\" data-e-type=\"container\">\n\t\t\t\t<div class=\"elementor-element elementor-element-a06297f elementor-shape-circle e-grid-align-left elementor-grid-0 elementor-widget elementor-widget-social-icons\" data-id=\"a06297f\" data-element_type=\"widget\" data-e-type=\"widget\" data-widget_type=\"social-icons.default\">\n\t\t\t\t<div class=\"elementor-widget-container\">\n\t\t\t\t\t\t\t<div class=\"elementor-social-icons-wrapper elementor-grid\" role=\"list\">\n\t\t\t\t\t\t\t<span class=\"elementor-grid-item\" role=\"listitem\">\n\t\t\t\t\t<a class=\"elementor-icon elementor-social-icon elementor-social-icon-facebook elementor-repeater-item-43c67d2\" href=\"https:\/\/www.facebook.com\/campingarribesdelduero\/\" target=\"_blank\">\n\t\t\t\t\t\t<span class=\"elementor-screen-only\">Facebook<\/span>\n\t\t\t\t\t\t<svg aria-hidden=\"true\" class=\"e-font-icon-svg e-fab-facebook\" viewBox=\"0 0 512 512\" xmlns=\"http:\/\/www.w3.org\/2000\/svg\"><path d=\"M504 256C504 119 393 8 256 8S8 119 8 256c0 123.78 90.69 226.38 209.25 245V327.69h-63V256h63v-54.64c0-62.15 37-96.48 93.67-96.48 27.14 0 55.52 4.84 55.52 4.84v61h-31.28c-30.8 0-40.41 19.12-40.41 38.73V256h68.78l-11 71.69h-57.78V501C413.31 482.38 504 379.78 504 256z\"><\/path><\/svg>\t\t\t\t\t<\/a>\n\t\t\t\t<\/span>\n\t\t\t\t\t\t\t<span class=\"elementor-grid-item\" role=\"listitem\">\n\t\t\t\t\t<a class=\"elementor-icon elementor-social-icon elementor-social-icon-instagram elementor-repeater-item-065c87c\" href=\"https:\/\/www.instagram.com\/campingarribesdelduero\/\" target=\"_blank\">\n\t\t\t\t\t\t<span class=\"elementor-screen-only\">Instagram<\/span>\n\t\t\t\t\t\t<svg aria-hidden=\"true\" class=\"e-font-icon-svg e-fab-instagram\" viewBox=\"0 0 448 512\" xmlns=\"http:\/\/www.w3.org\/2000\/svg\"><path d=\"M224.1 141c-63.6 0-114.9 51.3-114.9 114.9s51.3 114.9 114.9 114.9S339 319.5 339 255.9 287.7 141 224.1 141zm0 189.6c-41.1 0-74.7-33.5-74.7-74.7s33.5-74.7 74.7-74.7 74.7 33.5 74.7 74.7-33.6 74.7-74.7 74.7zm146.4-194.3c0 14.9-12 26.8-26.8 26.8-14.9 0-26.8-12-26.8-26.8s12-26.8 26.8-26.8 26.8 12 26.8 26.8zm76.1 27.2c-1.7-35.9-9.9-67.7-36.2-93.9-26.2-26.2-58-34.4-93.9-36.2-37-2.1-147.9-2.1-184.9 0-35.8 1.7-67.6 9.9-93.9 36.1s-34.4 58-36.2 93.9c-2.1 37-2.1 147.9 0 184.9 1.7 35.9 9.9 67.7 36.2 93.9s58 34.4 93.9 36.2c37 2.1 147.9 2.1 184.9 0 35.9-1.7 67.7-9.9 93.9-36.2 26.2-26.2 34.4-58 36.2-93.9 2.1-37 2.1-147.8 0-184.8zM398.8 388c-7.8 19.6-22.9 34.7-42.6 42.6-29.5 11.7-99.5 9-132.1 9s-102.7 2.6-132.1-9c-19.6-7.8-34.7-22.9-42.6-42.6-11.7-29.5-9-99.5-9-132.1s-2.6-102.7 9-132.1c7.8-19.6 22.9-34.7 42.6-42.6 29.5-11.7 99.5-9 132.1-9s102.7-2.6 132.1 9c19.6 7.8 34.7 22.9 42.6 42.6 11.7 29.5 9 99.5 9 132.1s2.7 102.7-9 132.1z\"><\/path><\/svg>\t\t\t\t\t<\/a>\n\t\t\t\t<\/span>\n\t\t\t\t\t\t\t<span class=\"elementor-grid-item\" role=\"listitem\">\n\t\t\t\t\t<a class=\"elementor-icon elementor-social-icon elementor-social-icon-tripadvisor elementor-repeater-item-568d4a2\" target=\"_blank\">\n\t\t\t\t\t\t<span class=\"elementor-screen-only\">Tripadvisor<\/span>\n\t\t\t\t\t\t<svg aria-hidden=\"true\" class=\"e-font-icon-svg e-fab-tripadvisor\" viewBox=\"0 0 576 512\" xmlns=\"http:\/\/www.w3.org\/2000\/svg\"><path d=\"M528.91,178.82,576,127.58H471.66a326.11,326.11,0,0,0-367,0H0l47.09,51.24A143.911,143.911,0,0,0,241.86,390.73L288,440.93l46.11-50.17A143.94,143.94,0,0,0,575.88,285.18h-.03A143.56,143.56,0,0,0,528.91,178.82ZM144.06,382.57a97.39,97.39,0,1,1,97.39-97.39A97.39,97.39,0,0,1,144.06,382.57ZM288,282.37c0-64.09-46.62-119.08-108.09-142.59a281,281,0,0,1,216.17,0C334.61,163.3,288,218.29,288,282.37Zm143.88,100.2h-.01a97.405,97.405,0,1,1,.01,0ZM144.06,234.12h-.01a51.06,51.06,0,1,0,51.06,51.06v-.11A51,51,0,0,0,144.06,234.12Zm287.82,0a51.06,51.06,0,1,0,51.06,51.06A51.06,51.06,0,0,0,431.88,234.12Z\"><\/path><\/svg>\t\t\t\t\t<\/a>\n\t\t\t\t<\/span>\n\t\t\t\t\t<\/div>\n\t\t\t\t\t\t<\/div>\n\t\t\t\t<\/div>\n\t\t\t\t<\/div>\n\t\t\t\t<\/div>\n\t\t\t\t<\/div>\n\t\t\t\t\t<\/div>\n\t\t\t\t<\/div>\n\t\t<div class=\"elementor-element elementor-element-d075a10 e-flex e-con-boxed e-con e-parent\" data-id=\"d075a10\" data-element_type=\"container\" data-e-type=\"container\">\n\t\t\t\t\t<div class=\"e-con-inner\">\n\t\t<div class=\"elementor-element elementor-element-b67b45a e-con-full e-flex e-con e-child\" data-id=\"b67b45a\" data-element_type=\"container\" data-e-type=\"container\">\n\t\t\t\t<div class=\"elementor-element elementor-element-4310bc1 elementor-widget elementor-widget-heading\" data-id=\"4310bc1\" data-element_type=\"widget\" data-e-type=\"widget\" data-widget_type=\"heading.default\">\n\t\t\t\t<div class=\"elementor-widget-container\">\n\t\t\t\t\t<p class=\"elementor-heading-title elementor-size-default\">Le camping Arribes del Duero dispose d'un acc\u00e8s direct \u00e0 la route reliant Vitigudino \u00e0 la fronti\u00e8re portugaise \u00e0 La Fregeneda.<\/p>\t\t\t\t<\/div>\n\t\t\t\t<\/div>\n\t\t\t\t<\/div>\n\t\t\t\t\t<\/div>\n\t\t\t\t<\/div>\n\t\t<div class=\"elementor-element elementor-element-38f8919 animated-slow e-flex e-con-boxed elementor-invisible e-con e-parent\" data-id=\"38f8919\" data-element_type=\"container\" data-e-type=\"container\" data-settings=\"{&quot;animation&quot;:&quot;fadeIn&quot;}\">\n\t\t\t\t\t<div class=\"e-con-inner\">\n\t\t\t\t<div class=\"elementor-element elementor-element-b6ca04c elementor-widget elementor-widget-google_maps\" data-id=\"b6ca04c\" data-element_type=\"widget\" data-e-type=\"widget\" data-widget_type=\"google_maps.default\">\n\t\t\t\t<div class=\"elementor-widget-container\">\n\t\t\t\t\t\t\t<div class=\"elementor-custom-embed\">\n\t\t\t<iframe loading=\"lazy\"\n\t\t\t\t\tsrc=\"https:\/\/maps.google.com\/maps?q=Camping%20Arribes%20del%20Duero%2C%20Lumbrales&#038;t=m&#038;z=10&#038;output=embed&#038;iwloc=near\"\n\t\t\t\t\ttitle=\"Camping Arribes del Duero, Lumbrales\"\n\t\t\t\t\taria-label=\"Camping Arribes del Duero, Lumbrales\"\n\t\t\t><\/iframe>\n\t\t<\/div>\n\t\t\t\t\t\t<\/div>\n\t\t\t\t<\/div>\n\t\t\t\t\t<\/div>\n\t\t\t\t<\/div>\n\t\t\t\t<\/div>\n\t\t","protected":false},"excerpt":{"rendered":"<p>Contactez nous N&rsquo;h\u00e9sitez pas \u00e0 nous contacter en remplissant ce formulaire ou par les canaux suivants Por favor, activa JavaScript en tu navegador para completar este formulario.Por favor, activa JavaScript en tu navegador para completar este formulario.Nombre y Apellido *Tel\u00e9fono de contactoCorreo electr\u00f3nico *Deja tu mensaje * Pol\u00edtica de privacidads * Acepto la Pol\u00edtica de&#8230;<\/p>\n","protected":false},"author":1,"featured_media":888,"parent":0,"menu_order":0,"comment_status":"closed","ping_status":"closed","template":"","meta":{"_kad_post_transparent":"","_kad_post_title":"","_kad_post_layout":"","_kad_post_sidebar_id":"","_kad_post_content_style":"","_kad_post_vertical_padding":"","_kad_post_feature":"","_kad_post_feature_position":"","_kad_post_header":false,"_kad_post_footer":false,"_joinchat":[],"footnotes":""},"class_list":["post-5069","page","type-page","status-publish","has-post-thumbnail","hentry"],"aioseo_notices":[],"_links":{"self":[{"href":"https:\/\/campingarribesdelduero.com\/fr\/wp-json\/wp\/v2\/pages\/5069","targetHints":{"allow":["GET"]}}],"collection":[{"href":"https:\/\/campingarribesdelduero.com\/fr\/wp-json\/wp\/v2\/pages"}],"about":[{"href":"https:\/\/campingarribesdelduero.com\/fr\/wp-json\/wp\/v2\/types\/page"}],"author":[{"embeddable":true,"href":"https:\/\/campingarribesdelduero.com\/fr\/wp-json\/wp\/v2\/users\/1"}],"replies":[{"embeddable":true,"href":"https:\/\/campingarribesdelduero.com\/fr\/wp-json\/wp\/v2\/comments?post=5069"}],"version-history":[{"count":1,"href":"https:\/\/campingarribesdelduero.com\/fr\/wp-json\/wp\/v2\/pages\/5069\/revisions"}],"predecessor-version":[{"id":5070,"href":"https:\/\/campingarribesdelduero.com\/fr\/wp-json\/wp\/v2\/pages\/5069\/revisions\/5070"}],"wp:featuredmedia":[{"embeddable":true,"href":"https:\/\/campingarribesdelduero.com\/fr\/wp-json\/wp\/v2\/media\/888"}],"wp:attachment":[{"href":"https:\/\/campingarribesdelduero.com\/fr\/wp-json\/wp\/v2\/media?parent=5069"}],"curies":[{"name":"wp","href":"https:\/\/api.w.org\/{rel}","templated":true}]}}