{"id":1974,"date":"2024-02-16T09:37:09","date_gmt":"2024-02-16T08:37:09","guid":{"rendered":"https:\/\/campingarribesdelduero.com\/politique-de-reservation-et-dannulation\/"},"modified":"2025-02-09T12:03:35","modified_gmt":"2025-02-09T11:03:35","slug":"politique-de-reservation-et-dannulation","status":"publish","type":"page","link":"https:\/\/campingarribesdelduero.com\/fr\/politique-de-reservation-et-dannulation\/","title":{"rendered":"Politique de r\u00e9servation et d&rsquo;annulation"},"content":{"rendered":"\t\t<div data-elementor-type=\"wp-page\" data-elementor-id=\"1974\" class=\"elementor elementor-1974 elementor-1519\" data-elementor-post-type=\"page\">\n\t\t\t\t<div class=\"elementor-element elementor-element-af52744 e-con-full e-flex e-con e-parent\" data-id=\"af52744\" data-element_type=\"container\" data-e-type=\"container\">\n\t\t\t\t<div class=\"elementor-element elementor-element-836693f elementor-widget elementor-widget-heading\" data-id=\"836693f\" data-element_type=\"widget\" data-e-type=\"widget\" data-widget_type=\"heading.default\">\n\t\t\t\t<div class=\"elementor-widget-container\">\n\t\t\t\t\t<h2 class=\"elementor-heading-title elementor-size-default\">politique de r\u00e9servation et d'annulation<\/h2>\t\t\t\t<\/div>\n\t\t\t\t<\/div>\n\t\t\t\t<div class=\"elementor-element elementor-element-90c977b elementor-widget elementor-widget-spacer\" data-id=\"90c977b\" data-element_type=\"widget\" data-e-type=\"widget\" data-widget_type=\"spacer.default\">\n\t\t\t\t<div class=\"elementor-widget-container\">\n\t\t\t\t\t\t\t<div class=\"elementor-spacer\">\n\t\t\t<div class=\"elementor-spacer-inner\"><\/div>\n\t\t<\/div>\n\t\t\t\t\t\t<\/div>\n\t\t\t\t<\/div>\n\t\t\t\t<div class=\"elementor-element elementor-element-dca8c47 elementor-widget elementor-widget-text-editor\" data-id=\"dca8c47\" data-element_type=\"widget\" data-e-type=\"widget\" data-widget_type=\"text-editor.default\">\n\t\t\t\t<div class=\"elementor-widget-container\">\n\t\t\t\t\t\t\t\t\t<p><span style=\"color: var( --e-global-color-text ); background-color: var( --e-global-color-166ee12 );\">Une r\u00e9servation s&rsquo;entend comme une demande d&rsquo;h\u00e9bergement adress\u00e9e \u00e0 l&rsquo;entreprise par le client avant le d\u00e9but de la prestation d&rsquo;h\u00e9bergement touristique.<\/span><\/p>\n<p><span style=\"font-weight: 400;\">La formalisation d&rsquo;une r\u00e9servation suppose l&rsquo;acceptation, de la part du client, de la Politique de R\u00e9servation et d&rsquo;Annulation, ainsi que du R\u00e8glement Int\u00e9rieur qui, en g\u00e9n\u00e9ral, r\u00e9git les s\u00e9jours au camping.<\/span><\/p>\n<p><span style=\"font-weight: 400;\">Les r\u00e9servations sont confirm\u00e9es ou refus\u00e9es par tout syst\u00e8me ou moyen permettant d&rsquo;enregistrer leur communication.<\/span><\/p>\n<p><span style=\"font-weight: 400;\">Le camping exige des vacanciers ou, le cas \u00e9ch\u00e9ant, de la soci\u00e9t\u00e9 interm\u00e9diaire, un paiement anticip\u00e9 du prix, qui s&rsquo;entend comme un acompte sur le montant r\u00e9sultant des services fournis. Cet acompte s&rsquo;\u00e9l\u00e8ve \u00e0 50 % du montant de la r\u00e9servation. Le solde de la r\u00e9servation (50 %) sera pay\u00e9 lors de l&rsquo;enregistrement.<\/span><\/p>\n<p><span style=\"font-weight: 400;\">Annulation des r\u00e9servations :<\/span><\/p>\n<p><span style=\"font-weight: 400;\">Si une r\u00e9servation est annul\u00e9e au moins 30 jours avant la date d&rsquo;arriv\u00e9e pr\u00e9vue, l&rsquo;acompte sera int\u00e9gralement rembours\u00e9.<\/span><\/p>\n<p><span style=\"font-weight: 400;\">Si l&rsquo;annulation d&rsquo;une r\u00e9servation est effectu\u00e9e entre 15 et&nbsp; 30 jours avant la date d&rsquo;arriv\u00e9e pr\u00e9vue, la moiti\u00e9 de l&rsquo;acompte vers\u00e9 sera rembours\u00e9e.<\/span><\/p>\n<p><span style=\"font-weight: 400;\">Si une r\u00e9servation est annul\u00e9e moins de 15 jours avant la date d&rsquo;arriv\u00e9e pr\u00e9vue, l&rsquo;acompte ne sera pas rembours\u00e9.<\/span><\/p>\n<p><span style=\"font-weight: 400;\">Ces p\u00e9nalit\u00e9s ne seront pas applicables lorsque l&rsquo;annulation de la r\u00e9servation est due \u00e0 un cas de force majeure, d\u00fbment accr\u00e9dit\u00e9.<\/span><\/p>\n<p><span style=\"font-weight: 400;\">Le camping remboursera au client la totalit\u00e9 de la somme qui lui a \u00e9t\u00e9 demand\u00e9e \u00e0 titre d&rsquo;acompte lors de la r\u00e9servation, lorsque la r\u00e9servation est annul\u00e9e pour des raisons qui ne sont pas imputables \u00e0 l&rsquo;utilisateur.<\/span><\/p>\n<p><span style=\"font-weight: 400;\">L&rsquo;annulation du s\u00e9jour avant la date de d\u00e9part pr\u00e9vue ne donne lieu \u00e0 aucun remboursement financier pour les jours restant \u00e0 consommer. Le meilleur jugement en faveur du client est laiss\u00e9 \u00e0 l&rsquo;appr\u00e9ciation de la direction.<\/span><\/p>\n<p><span style=\"font-weight: 400;\">Aucune modification de la r\u00e9servation n&rsquo;est autoris\u00e9e dans les 15 jours pr\u00e9c\u00e9dant la date d&rsquo;arriv\u00e9e.<\/span><\/p>\n<p><span style=\"font-weight: 400;\">Toute demande de modification ou d&rsquo;annulation doit \u00eatre adress\u00e9e par \u00e9crit \u00e0 l&rsquo;adresse \u00e9lectronique suivante : info@campingarribesdelduero.com.<\/span><\/p>\n<p><\/p>\t\t\t\t\t\t\t\t<\/div>\n\t\t\t\t<\/div>\n\t\t\t\t<\/div>\n\t\t\t\t<\/div>\n\t\t","protected":false},"excerpt":{"rendered":"<p>politique de r\u00e9servation et d&rsquo;annulation Une r\u00e9servation s&rsquo;entend comme une demande d&rsquo;h\u00e9bergement adress\u00e9e \u00e0 l&rsquo;entreprise par le client avant le d\u00e9but de la prestation d&rsquo;h\u00e9bergement touristique. La formalisation d&rsquo;une r\u00e9servation suppose l&rsquo;acceptation, de la part du client, de la Politique de R\u00e9servation et d&rsquo;Annulation, ainsi que du R\u00e8glement Int\u00e9rieur qui, en g\u00e9n\u00e9ral, r\u00e9git les s\u00e9jours&#8230;<\/p>\n","protected":false},"author":1,"featured_media":0,"parent":0,"menu_order":0,"comment_status":"closed","ping_status":"closed","template":"","meta":{"_kad_post_transparent":"","_kad_post_title":"","_kad_post_layout":"","_kad_post_sidebar_id":"","_kad_post_content_style":"","_kad_post_vertical_padding":"","_kad_post_feature":"","_kad_post_feature_position":"","_kad_post_header":false,"_kad_post_footer":false,"_joinchat":[],"footnotes":""},"class_list":["post-1974","page","type-page","status-publish","hentry"],"aioseo_notices":[],"_links":{"self":[{"href":"https:\/\/campingarribesdelduero.com\/fr\/wp-json\/wp\/v2\/pages\/1974","targetHints":{"allow":["GET"]}}],"collection":[{"href":"https:\/\/campingarribesdelduero.com\/fr\/wp-json\/wp\/v2\/pages"}],"about":[{"href":"https:\/\/campingarribesdelduero.com\/fr\/wp-json\/wp\/v2\/types\/page"}],"author":[{"embeddable":true,"href":"https:\/\/campingarribesdelduero.com\/fr\/wp-json\/wp\/v2\/users\/1"}],"replies":[{"embeddable":true,"href":"https:\/\/campingarribesdelduero.com\/fr\/wp-json\/wp\/v2\/comments?post=1974"}],"version-history":[{"count":2,"href":"https:\/\/campingarribesdelduero.com\/fr\/wp-json\/wp\/v2\/pages\/1974\/revisions"}],"predecessor-version":[{"id":5208,"href":"https:\/\/campingarribesdelduero.com\/fr\/wp-json\/wp\/v2\/pages\/1974\/revisions\/5208"}],"wp:attachment":[{"href":"https:\/\/campingarribesdelduero.com\/fr\/wp-json\/wp\/v2\/media?parent=1974"}],"curies":[{"name":"wp","href":"https:\/\/api.w.org\/{rel}","templated":true}]}}