{"id":1966,"date":"2023-12-20T12:32:18","date_gmt":"2023-12-20T11:32:18","guid":{"rendered":"https:\/\/campingarribesdelduero.com\/avis-juridique\/"},"modified":"2025-02-09T11:56:25","modified_gmt":"2025-02-09T10:56:25","slug":"avis-juridique","status":"publish","type":"page","link":"https:\/\/campingarribesdelduero.com\/fr\/avis-juridique\/","title":{"rendered":"Avis juridique"},"content":{"rendered":"\t\t<div data-elementor-type=\"wp-page\" data-elementor-id=\"1966\" class=\"elementor elementor-1966 elementor-24\" data-elementor-post-type=\"page\">\n\t\t\t\t<div class=\"elementor-element elementor-element-ab9f9dc e-con-full e-flex e-con e-parent\" data-id=\"ab9f9dc\" data-element_type=\"container\" data-e-type=\"container\">\n\t\t\t\t<div class=\"elementor-element elementor-element-258fb34 elementor-widget elementor-widget-heading\" data-id=\"258fb34\" data-element_type=\"widget\" data-e-type=\"widget\" data-widget_type=\"heading.default\">\n\t\t\t\t<div class=\"elementor-widget-container\">\n\t\t\t\t\t<h2 class=\"elementor-heading-title elementor-size-default\">AVIS JURIDIQUE ET CONDITIONS G\u00c9N\u00c9RALES D'UTILISATION<\/h2>\t\t\t\t<\/div>\n\t\t\t\t<\/div>\n\t\t\t\t<div class=\"elementor-element elementor-element-5f16e31 elementor-widget-tablet__width-inherit elementor-widget elementor-widget-text-editor\" data-id=\"5f16e31\" data-element_type=\"widget\" data-e-type=\"widget\" data-widget_type=\"text-editor.default\">\n\t\t\t\t<div class=\"elementor-widget-container\">\n\t\t\t\t\t\t\t\t\t<header class=\"text-center\">\n<h2 class=\"m-auto\"> <\/h2>\n<h4> <\/h4>\n<\/header>\n<div>\n<h5><b>I. INFORMATIONS G\u00c9N\u00c9RALES<\/b><\/h5>\n<p>Conform\u00e9ment \u00e0 l&rsquo;obligation d&rsquo;information pr\u00e9vue par la loi 34\/2002 sur les services de la soci\u00e9t\u00e9 de l&rsquo;information et le commerce \u00e9lectronique (LSSI-CE) du 11 juillet, les informations g\u00e9n\u00e9rales suivantes sont fournies sur ce site web :<\/p>\n<p class=\"\">La propri\u00e9t\u00e9 de ce site web, <span class=\"blanc-space ng-binding\">https:\/\/campingarribesdelduero.com\/,<\/span>(ci-apr\u00e8s d\u00e9nomm\u00e9 le site web) est d\u00e9tenue par : , titulaire du NIF : <span class=\"blanc-space ng-binding\">44147531C<\/span> et enregistr\u00e9 \u00e0 l&rsquo;adresse suivante : avec les d\u00e9tails d&rsquo;enregistrement suivants : , dont la repr\u00e9sentante est Eva Hern\u00e1ndez Berdonces, et dont les coordonn\u00e9es sont les suivantes :<\/p>\n<p>Adresse :  <span class=\"blanc-space ng-binding\">CARRETERA CL-517, KM 83. 37240. Lumbrales. Salamanque<\/span><\/p>\n<p>T\u00e9l\u00e9phone de contact : <span class=\"blanc-space ng-binding\">611578754<\/span><\/p>\n<p>Courriel de contact : <span class=\"blanc-space ng-binding\">info@campingarribesdelduero.com<\/span><\/p>\n<h5><b>II. CONDITIONS G\u00c9N\u00c9RALES D&rsquo;UTILISATION<\/b><\/h5>\n<p>Les pr\u00e9sentes conditions g\u00e9n\u00e9rales d&rsquo;utilisation (ci-apr\u00e8s d\u00e9nomm\u00e9es \u00ab\u00a0conditions\u00a0\u00bb) ont pour objet de r\u00e9glementer l&rsquo;acc\u00e8s au site web et son utilisation. Aux fins des pr\u00e9sentes conditions, on entend par site web : l&rsquo;aspect ext\u00e9rieur des interfaces d&rsquo;\u00e9cran, tant statiques que dynamiques, c&rsquo;est-\u00e0-dire l&rsquo;arbre de navigation ; et tous les \u00e9l\u00e9ments int\u00e9gr\u00e9s tant dans les interfaces d&rsquo;\u00e9cran que dans l&rsquo;arbre de navigation (ci-apr\u00e8s d\u00e9nomm\u00e9s \u00ab\u00a0contenu\u00a0\u00bb) et tous les services ou ressources en ligne qui peuvent \u00eatre propos\u00e9s aux utilisateurs (ci-apr\u00e8s d\u00e9nomm\u00e9s \u00ab\u00a0services\u00a0\u00bb).<\/p>\n<p><span class=\"blanc-space ng-binding\">campingarribesdelduero.com<\/span> se r\u00e9serve le droit de modifier, \u00e0 tout moment et sans pr\u00e9avis, la pr\u00e9sentation et la configuration du Site Internet ainsi que les Contenus et Services qui peuvent y \u00eatre incorpor\u00e9s. Vous reconnaissez et acceptez qu&rsquo;\u00e0 tout moment <span class=\"blanc-space ng-binding\">campingarribesdelduero.com<\/span> puisse interrompre, d\u00e9sactiver et\/ou annuler l&rsquo;un de ces \u00e9l\u00e9ments int\u00e9gr\u00e9s au Site Web ou l&rsquo;acc\u00e8s \u00e0 ceux-ci.<\/p>\n<p class=\"\">L&rsquo;acc\u00e8s au site web par l&rsquo;utilisateur est libre et, en r\u00e8gle g\u00e9n\u00e9rale, gratuit, sans que l&rsquo;utilisateur n&rsquo;ait \u00e0 fournir de contrepartie pour en b\u00e9n\u00e9ficier, \u00e0 l&rsquo;exception du co\u00fbt de la connexion via le r\u00e9seau de t\u00e9l\u00e9communications fourni par le fournisseur d&rsquo;acc\u00e8s contract\u00e9 par l&rsquo;utilisateur.<\/p>\n<p class=\"\">L&rsquo;utilisation de tout contenu ou service du site web peut \u00eatre subordonn\u00e9e \u00e0 l&rsquo;inscription ou \u00e0 l&rsquo;enregistrement pr\u00e9alable de l&rsquo;utilisateur.<\/p>\n<p>L&rsquo;acc\u00e8s, la navigation et l&rsquo;utilisation du site Web conf\u00e8rent la condition d&rsquo;utilisateur et, par cons\u00e9quent, d\u00e8s le d\u00e9but de la navigation sur le site Web, l&rsquo;utilisateur accepte toutes les conditions \u00e9tablies ici, ainsi que toutes les modifications ult\u00e9rieures, sans pr\u00e9judice de l&rsquo;application des normes l\u00e9gales correspondantes qui doivent \u00eatre respect\u00e9es le cas \u00e9ch\u00e9ant. Compte tenu de la pertinence de ce qui pr\u00e9c\u00e8de, il est recommand\u00e9 \u00e0 l&rsquo;utilisateur de les lire chaque fois qu&rsquo;il visite le site Web.<\/p>\n<p>Le site <span class=\"blanc-space ng-binding\">campingarribesdelduero.com<\/span> fournit un large \u00e9ventail d&rsquo;informations, de services et de donn\u00e9es. L&rsquo;utilisateur assume la responsabilit\u00e9 de l&rsquo;utilisation correcte du site web. Cette responsabilit\u00e9 s&rsquo;\u00e9tend aux :<\/p>\n<ul>\n<li>Une utilisation de l&rsquo;information, du contenu et\/ou des services et des donn\u00e9es offerts par <span class=\"blanc-space ng-binding\">campingarribesdelduero.com<\/span> sans \u00eatre contraire aux dispositions des pr\u00e9sentes Conditions, \u00e0 la loi, \u00e0 la morale ou \u00e0 l&rsquo;ordre public, ou de toute autre mani\u00e8re peut impliquer une atteinte aux droits des tiers ou au m\u00eame fonctionnement du Site Web.<\/li>\n<li>La v\u00e9racit\u00e9 et la l\u00e9galit\u00e9 des informations fournies par l&rsquo;utilisateur dans les formulaires fournis par <span class=\"blanc-space ng-binding\">campingarribesdelduero.com<\/span> pour l&rsquo;acc\u00e8s \u00e0 certains contenus ou services offerts par le site Web. En tout \u00e9tat de cause, l&rsquo;Utilisateur devra notifier imm\u00e9diatement \u00e0 <span class=\"blanc-space ng-binding\">campingarribesdelduero.com<\/span> tout fait permettant l&rsquo;utilisation abusive des informations enregistr\u00e9es dans ces formulaires, tel que, mais sans s&rsquo;y limiter, le vol, la perte ou l&rsquo;acc\u00e8s non autoris\u00e9 aux identifiants et\/ou aux mots de passe, afin de proc\u00e9der \u00e0 son annulation imm\u00e9diate.<\/li>\n<\/ul>\n<p>Le simple acc\u00e8s \u00e0 ce site Web n&rsquo;implique aucun type de relation commerciale entre <span class=\"blanc-space ng-binding\">campingarribesdelduero.com<\/span> et l&rsquo;utilisateur.<\/p>\n<p class=\"\">Toujours dans le respect de la l\u00e9gislation en vigueur, ce site Web <span class=\"blanc-space ng-binding\">campingarribesdelduero.com<\/span> s&rsquo;adresse \u00e0 toutes les personnes, quel que soit leur \u00e2ge, qui peuvent acc\u00e9der et\/ou naviguer sur les pages du site Web.<\/p>\n<h5><b>III. L&rsquo;ACC\u00c8S ET LA NAVIGATION SUR LE SITE WEB : EXCLUSION DE GARANTIE ET DE RESPONSABILIT\u00c9<\/b><\/h5>\n<p>campingarribesdelduero<span class=\"blanc-space ng-binding\">.com<\/span> ne garantit pas la continuit\u00e9, la disponibilit\u00e9 et l&rsquo;utilit\u00e9 du site Web, du contenu ou des services. <span class=\"blanc-space ng-binding\">campingarribesdelduero.com<\/span> fera tout son possible pour assurer le bon fonctionnement du site Web, mais n&rsquo;est pas responsable ni ne garantit que l&rsquo;acc\u00e8s \u00e0 ce site Web sera ininterrompu ou exempt d&rsquo;erreurs.<\/p>\n<p>Elle n&rsquo;accepte pas non plus la responsabilit\u00e9 ou la garantie que le contenu ou le logiciel auquel il est possible d&rsquo;acc\u00e9der par l&rsquo;interm\u00e9diaire de ce site Web est exempt d&rsquo;erreurs ou cause des dommages au syst\u00e8me informatique (logiciel et mat\u00e9riel) de l&rsquo;utilisateur. En aucun cas <span class=\"blanc-space ng-binding\">campingarribesdelduero.com<\/span> ne sera responsable des pertes ou des dommages de toute nature d\u00e9coulant de l&rsquo;acc\u00e8s, de la navigation et de l&rsquo;utilisation du site Web, y compris, mais sans s&rsquo;y limiter, ceux caus\u00e9s aux syst\u00e8mes informatiques ou ceux caus\u00e9s par l&rsquo;introduction de virus.<\/p>\n<p><span class=\"blanc-space ng-binding\">campingarribesdelduero.com<\/span> n&rsquo;est pas responsable des dommages qui pourraient \u00eatre caus\u00e9s aux utilisateurs par une mauvaise utilisation de ce site Web. En particulier, il n&rsquo;est pas responsable, de quelque mani\u00e8re que ce soit, des pannes, interruptions, d\u00e9faillances ou d\u00e9fauts de t\u00e9l\u00e9communications qui pourraient survenir.<\/p>\n<h5><b>IV. POLITIQUE DES LIENS<\/b><\/h5>\n<p class=\"\">Il est signal\u00e9 que le site Web <span class=\"blanc-space ng-binding\">campingarribesdelduero.com<\/span> met ou peut mettre \u00e0 la disposition des utilisateurs des moyens de liaison (tels que, entre autres, des liens, des banni\u00e8res, des boutons), des r\u00e9pertoires et des moteurs de recherche qui permettent aux utilisateurs d&rsquo;acc\u00e9der \u00e0 des sites Web d\u00e9tenus et \/ ou g\u00e9r\u00e9s par des tiers.<\/p>\n<p class=\"\">L&rsquo;installation de ces liens, r\u00e9pertoires et moteurs de recherche sur le site web a pour but de faciliter la recherche et l&rsquo;acc\u00e8s des utilisateurs aux informations disponibles sur Internet, et ne peut \u00eatre consid\u00e9r\u00e9e comme une suggestion, une recommandation ou une invitation \u00e0 les visiter.<\/p>\n<p><span class=\"blanc-space ng-binding\">campingarribesdelduero.com<\/span> n&rsquo;offre ni ne commercialise lui-m\u00eame ou par l&rsquo;interm\u00e9diaire de tiers les produits et\/ou services disponibles sur ces sites li\u00e9s.<\/p>\n<p class=\"\"><span class=\"blanc-space ng-binding\">campingarribesdelduero.com<\/span> propose du contenu sponsoris\u00e9, des publicit\u00e9s et\/ou des liens d&rsquo;affiliation. Les informations qui apparaissent dans ces liens affili\u00e9s ou les publicit\u00e9s ins\u00e9r\u00e9es, sont fournies par les annonceurs eux-m\u00eames, de sorte que <span class=\"blanc-space ng-binding\">campingarribesdelduero.com<\/span> n&rsquo;est pas responsable des inexactitudes ou des erreurs qui peuvent contenir les annonces, ni garantir en aucune fa\u00e7on l&rsquo;exp\u00e9rience, l&rsquo;int\u00e9grit\u00e9 ou la responsabilit\u00e9 des annonceurs ou la qualit\u00e9 de leurs produits et \/ ou services.<\/p>\n<p class=\"\">Elle ne garantit pas non plus la disponibilit\u00e9 technique, l&rsquo;exactitude, la v\u00e9racit\u00e9, la validit\u00e9 ou la l\u00e9galit\u00e9 des sites ne lui appartenant pas et accessibles par les liens.<\/p>\n<p class=\"\"><span class=\"blanc-space ng-binding\">campingarribesdelduero.com<\/span> ne r\u00e9vise ni ne contr\u00f4le en aucun cas le contenu d&rsquo;autres sites Internet, pas plus qu&rsquo;il n&rsquo;approuve, n&rsquo;examine ou ne cautionne les produits et services, le contenu, les fichiers et tout autre mat\u00e9riel de ces sites li\u00e9s.<\/p>\n<p class=\"\"><span class=\"blanc-space ng-binding\">campingarribesdelduero.com<\/span> n&rsquo;assume aucune responsabilit\u00e9 pour les dommages qui pourraient d\u00e9couler de l&rsquo;acc\u00e8s, de l&rsquo;utilisation, de la qualit\u00e9 ou de la l\u00e9galit\u00e9 des contenus, des communications, des opinions, des produits et des services des sites web non g\u00e9r\u00e9s par <span class=\"blanc-space ng-binding\">campingarribesdelduero.com<\/span> et qui sont li\u00e9s \u00e0 ce site web.<\/p>\n<p>L&rsquo;utilisateur ou le tiers qui cr\u00e9e un lien hypertexte \u00e0 partir d&rsquo;une page web d&rsquo;un autre site web vers le site web <span class=\"blanc-space ng-binding\">campingarribesdelduero.com<\/span> doit savoir que<\/p>\n<p>Il n&rsquo;est pas permis de reproduire, en tout ou en partie, tout contenu et\/ou service du Site Web sans l&rsquo;autorisation expresse de <span class=\"blanc-space ng-binding\">campingarribesdelduero.com.<\/span><\/p>\n<p>Il n&rsquo;est pas permis de faire des d\u00e9clarations fausses, inexactes ou incorrectes sur le site Web <span class=\"blanc-space ng-binding\">campingarribesdelduero.com<\/span>, ou le contenu et \/ ou les services de la m\u00eame.<\/p>\n<p>\u00c0 l&rsquo;exception de l&rsquo;hyperlien, le site web dans lequel est \u00e9tabli l&rsquo;hyperlien ne contiendra aucun \u00e9l\u00e9ment de ce site web, prot\u00e9g\u00e9 en tant que propri\u00e9t\u00e9 intellectuelle par le syst\u00e8me juridique espagnol, sauf autorisation expresse de <span class=\"blanc-space ng-binding\">campingarribesdelduero.com.<\/span><\/p>\n<p>L&rsquo;\u00e9tablissement de l&rsquo;hyperlien n&rsquo;implique pas l&rsquo;existence de relations entre <span class=\"blanc-space ng-binding\">campingarribesdelduero.com<\/span> et le propri\u00e9taire du site web \u00e0 partir duquel il est r\u00e9alis\u00e9, ni la connaissance et l&rsquo;acceptation de <span class=\"blanc-space ng-binding\">campingarribesdelduero.com<\/span> des contenus, services et\/ou activit\u00e9s offerts sur le site web, et vice versa.<\/p>\n<h5><b>V. PROPRI\u00c9T\u00c9 INTELLECTUELLE ET INDUSTRIELLE<\/b><\/h5>\n<p><span class=\"blanc-space ng-binding\">campingarribesdelduero.com<\/span> est titulaire, par elle-m\u00eame ou en tant que cessionnaire, de tous les droits de propri\u00e9t\u00e9 intellectuelle et industrielle du site Web, ainsi que des \u00e9l\u00e9ments qu&rsquo;il contient (y compris, mais sans s&rsquo;y limiter, les images, le son, l&rsquo;audio, la vid\u00e9o, le logiciel ou le texte, les marques ou les logos, les combinaisons de couleurs, la structure et la conception, la s\u00e9lection des mat\u00e9riaux utilis\u00e9s, les programmes informatiques n\u00e9cessaires au fonctionnement, \u00e0 l&rsquo;acc\u00e8s et \u00e0 l&rsquo;utilisation, etc.) Il s&rsquo;agira donc d&rsquo;\u0153uvres prot\u00e9g\u00e9es en tant que propri\u00e9t\u00e9 intellectuelle par le syst\u00e8me juridique espagnol, et la l\u00e9gislation espagnole et communautaire en la mati\u00e8re, ainsi que les trait\u00e9s internationaux en la mati\u00e8re sign\u00e9s par l&rsquo;Espagne, leur seront applicables.<\/p>\n<p>Tous droits r\u00e9serv\u00e9s. En vertu des dispositions de la loi sur la propri\u00e9t\u00e9 intellectuelle, sont express\u00e9ment interdites la reproduction, la distribution et la communication publique, y compris son mode de mise \u00e0 disposition, tout ou partie du contenu de ce site Web, \u00e0 des fins commerciales, sur tout support et par tout moyen technique, sans l&rsquo;autorisation de <span class=\"blanc-space ng-binding\">campingarribesdelduero.com.<\/span><\/p>\n<p>L&rsquo;utilisateur s&rsquo;engage \u00e0 respecter les droits de propri\u00e9t\u00e9 intellectuelle et industrielle de <span class=\"blanc-space ng-binding\">campingarribesdelduero.com<\/span>. Vous pouvez visualiser les \u00e9l\u00e9ments du site web ou m\u00eame les imprimer, les copier et les stocker sur le disque dur de votre ordinateur ou sur tout autre support physique, \u00e0 condition que ce soit exclusivement pour votre usage personnel. L&rsquo;utilisateur ne peut toutefois pas retirer, modifier ou manipuler tout dispositif de protection ou syst\u00e8me de s\u00e9curit\u00e9 install\u00e9 sur le site web.<\/p>\n<p>Dans le cas o\u00f9 l&rsquo;utilisateur ou un tiers consid\u00e8re que l&rsquo;un des contenus du Site Web constitue une violation des droits de protection de la propri\u00e9t\u00e9 intellectuelle, vous devez en informer imm\u00e9diatement <span class=\"blanc-space ng-binding\">campingarribesdelduero.com<\/span> par le biais des coordonn\u00e9es indiqu\u00e9es dans la section INFORMATIONS G\u00c9N\u00c9RALES du pr\u00e9sent avis juridique et des conditions g\u00e9n\u00e9rales d&rsquo;utilisation.<\/p>\n<h5><b>VI. ACTIONS EN JUSTICE, DROIT APPLICABLE ET JURIDICTION<\/b><\/h5>\n<p><span class=\"blanc-space ng-binding\">campingarribesdelduero.com<\/span> se r\u00e9serve le droit d&rsquo;intenter les actions civiles ou p\u00e9nales qu&rsquo;il juge n\u00e9cessaires en cas de mauvaise utilisation du site Web et de son contenu, ou en cas de violation des pr\u00e9sentes conditions.<\/p>\n<p>La relation entre l&rsquo;utilisateur et <span class=\"blanc-space ng-binding\">campingarribesdelduero.com<\/span> sera r\u00e9gie par la r\u00e9glementation en vigueur et applicable sur le territoire espagnol. En cas de litige relatif \u00e0 l&rsquo;interpr\u00e9tation et\/ou \u00e0 l&rsquo;application des pr\u00e9sentes conditions, les parties soumettront leurs diff\u00e9rends \u00e0 la comp\u00e9tence ordinaire des cours et tribunaux correspondant \u00e0 la loi.<\/p>\n<\/div>\n\t\t\t\t\t\t\t\t<\/div>\n\t\t\t\t<\/div>\n\t\t\t\t<\/div>\n\t\t\t\t<\/div>\n\t\t","protected":false},"excerpt":{"rendered":"<p>AVIS JURIDIQUE ET CONDITIONS G\u00c9N\u00c9RALES D&rsquo;UTILISATION I. INFORMATIONS G\u00c9N\u00c9RALES Conform\u00e9ment \u00e0 l&rsquo;obligation d&rsquo;information pr\u00e9vue par la loi 34\/2002 sur les services de la soci\u00e9t\u00e9 de l&rsquo;information et le commerce \u00e9lectronique (LSSI-CE) du 11 juillet, les informations g\u00e9n\u00e9rales suivantes sont fournies sur ce site web : La propri\u00e9t\u00e9 de ce site web, https:\/\/campingarribesdelduero.com\/,(ci-apr\u00e8s d\u00e9nomm\u00e9 le site&#8230;<\/p>\n","protected":false},"author":1,"featured_media":4428,"parent":0,"menu_order":0,"comment_status":"closed","ping_status":"closed","template":"","meta":{"_kad_post_transparent":"","_kad_post_title":"","_kad_post_layout":"","_kad_post_sidebar_id":"","_kad_post_content_style":"","_kad_post_vertical_padding":"","_kad_post_feature":"","_kad_post_feature_position":"","_kad_post_header":false,"_kad_post_footer":false,"_joinchat":[],"footnotes":""},"class_list":["post-1966","page","type-page","status-publish","has-post-thumbnail","hentry"],"aioseo_notices":[],"_links":{"self":[{"href":"https:\/\/campingarribesdelduero.com\/fr\/wp-json\/wp\/v2\/pages\/1966","targetHints":{"allow":["GET"]}}],"collection":[{"href":"https:\/\/campingarribesdelduero.com\/fr\/wp-json\/wp\/v2\/pages"}],"about":[{"href":"https:\/\/campingarribesdelduero.com\/fr\/wp-json\/wp\/v2\/types\/page"}],"author":[{"embeddable":true,"href":"https:\/\/campingarribesdelduero.com\/fr\/wp-json\/wp\/v2\/users\/1"}],"replies":[{"embeddable":true,"href":"https:\/\/campingarribesdelduero.com\/fr\/wp-json\/wp\/v2\/comments?post=1966"}],"version-history":[{"count":3,"href":"https:\/\/campingarribesdelduero.com\/fr\/wp-json\/wp\/v2\/pages\/1966\/revisions"}],"predecessor-version":[{"id":5192,"href":"https:\/\/campingarribesdelduero.com\/fr\/wp-json\/wp\/v2\/pages\/1966\/revisions\/5192"}],"wp:featuredmedia":[{"embeddable":true,"href":"https:\/\/campingarribesdelduero.com\/fr\/wp-json\/wp\/v2\/media\/4428"}],"wp:attachment":[{"href":"https:\/\/campingarribesdelduero.com\/fr\/wp-json\/wp\/v2\/media?parent=1966"}],"curies":[{"name":"wp","href":"https:\/\/api.w.org\/{rel}","templated":true}]}}