{"id":1958,"date":"2024-02-07T12:36:59","date_gmt":"2024-02-07T11:36:59","guid":{"rendered":"https:\/\/campingarribesdelduero.com\/conditions-dutilisation\/"},"modified":"2025-02-09T11:32:42","modified_gmt":"2025-02-09T10:32:42","slug":"conditions-dutilisation","status":"publish","type":"page","link":"https:\/\/campingarribesdelduero.com\/fr\/conditions-dutilisation\/","title":{"rendered":"Conditions d&rsquo;utilisation"},"content":{"rendered":"\t\t<div data-elementor-type=\"wp-page\" data-elementor-id=\"1958\" class=\"elementor elementor-1958 elementor-1461\" data-elementor-post-type=\"page\">\n\t\t\t\t<div class=\"elementor-element elementor-element-55d531b e-con-full e-flex e-con e-parent\" data-id=\"55d531b\" data-element_type=\"container\" data-e-type=\"container\">\n\t\t\t\t<div class=\"elementor-element elementor-element-d384789 elementor-widget elementor-widget-spacer\" data-id=\"d384789\" data-element_type=\"widget\" data-e-type=\"widget\" data-widget_type=\"spacer.default\">\n\t\t\t\t<div class=\"elementor-widget-container\">\n\t\t\t\t\t\t\t<div class=\"elementor-spacer\">\n\t\t\t<div class=\"elementor-spacer-inner\"><\/div>\n\t\t<\/div>\n\t\t\t\t\t\t<\/div>\n\t\t\t\t<\/div>\n\t\t\t\t<div class=\"elementor-element elementor-element-29312c7 elementor-widget elementor-widget-text-editor\" data-id=\"29312c7\" data-element_type=\"widget\" data-e-type=\"widget\" data-widget_type=\"text-editor.default\">\n\t\t\t\t<div class=\"elementor-widget-container\">\n\t\t\t\t\t\t\t\t\t<p>La visite du site Web par l&rsquo;utilisateur doit se faire de mani\u00e8re responsable et conform\u00e9ment \u00e0 la l\u00e9gislation en vigueur, \u00e0 la bonne foi, au pr\u00e9sent avis juridique et au respect des droits de propri\u00e9t\u00e9 intellectuelle et industrielle d\u00e9tenus par le Camping Arribes del Duero ou par toute autre personne physique ou morale.<\/p>\n<p>L&rsquo;utilisation de tout contenu du site web \u00e0 des fins illicites ou susceptibles de l&rsquo;\u00eatre est totalement interdite, de m\u00eame que la r\u00e9alisation de toute action causant ou pouvant causer des dommages ou des alt\u00e9rations de toute nature non consenties par le Camping Arribes del Duero, au site web ou \u00e0 ses contenus.<\/p>\n<p>Le propri\u00e9taire du site ne s&rsquo;identifie pas aux opinions exprim\u00e9es par ses contributeurs. L&rsquo;entreprise se r\u00e9serve le droit d&rsquo;apporter toutes les modifications qu&rsquo;elle juge opportunes \u00e0 son site web sans pr\u00e9avis, et peut changer, supprimer ou ajouter \u00e0 la fois le contenu et les services fournis par le biais du site web et la mani\u00e8re dont ils sont pr\u00e9sent\u00e9s ou situ\u00e9s sur ses serveurs.<\/p>\n<p>Il est strictement interdit d&rsquo;utiliser les contenus du site web \u00e0 des fins illicites, ainsi que de r\u00e9aliser toute action qui cause ou peut causer des dommages ou des alt\u00e9rations de toute nature non consenties par Camping Arribes del Duero, au site web ou \u00e0 ses contenus.<\/p>\n\t\t\t\t\t\t\t\t<\/div>\n\t\t\t\t<\/div>\n\t\t\t\t<\/div>\n\t\t\t\t<\/div>\n\t\t","protected":false},"excerpt":{"rendered":"<p>La visite du site Web par l&rsquo;utilisateur doit se faire de mani\u00e8re responsable et conform\u00e9ment \u00e0 la l\u00e9gislation en vigueur, \u00e0 la bonne foi, au pr\u00e9sent avis juridique et au respect des droits de propri\u00e9t\u00e9 intellectuelle et industrielle d\u00e9tenus par le Camping Arribes del Duero ou par toute autre personne physique ou morale. L&rsquo;utilisation de&#8230;<\/p>\n","protected":false},"author":1,"featured_media":888,"parent":0,"menu_order":0,"comment_status":"closed","ping_status":"closed","template":"elementor_theme","meta":{"_kad_post_transparent":"","_kad_post_title":"","_kad_post_layout":"","_kad_post_sidebar_id":"","_kad_post_content_style":"","_kad_post_vertical_padding":"","_kad_post_feature":"","_kad_post_feature_position":"","_kad_post_header":false,"_kad_post_footer":false,"_joinchat":[],"footnotes":""},"class_list":["post-1958","page","type-page","status-publish","has-post-thumbnail","hentry"],"aioseo_notices":[],"_links":{"self":[{"href":"https:\/\/campingarribesdelduero.com\/fr\/wp-json\/wp\/v2\/pages\/1958","targetHints":{"allow":["GET"]}}],"collection":[{"href":"https:\/\/campingarribesdelduero.com\/fr\/wp-json\/wp\/v2\/pages"}],"about":[{"href":"https:\/\/campingarribesdelduero.com\/fr\/wp-json\/wp\/v2\/types\/page"}],"author":[{"embeddable":true,"href":"https:\/\/campingarribesdelduero.com\/fr\/wp-json\/wp\/v2\/users\/1"}],"replies":[{"embeddable":true,"href":"https:\/\/campingarribesdelduero.com\/fr\/wp-json\/wp\/v2\/comments?post=1958"}],"version-history":[{"count":2,"href":"https:\/\/campingarribesdelduero.com\/fr\/wp-json\/wp\/v2\/pages\/1958\/revisions"}],"predecessor-version":[{"id":5099,"href":"https:\/\/campingarribesdelduero.com\/fr\/wp-json\/wp\/v2\/pages\/1958\/revisions\/5099"}],"wp:featuredmedia":[{"embeddable":true,"href":"https:\/\/campingarribesdelduero.com\/fr\/wp-json\/wp\/v2\/media\/888"}],"wp:attachment":[{"href":"https:\/\/campingarribesdelduero.com\/fr\/wp-json\/wp\/v2\/media?parent=1958"}],"curies":[{"name":"wp","href":"https:\/\/api.w.org\/{rel}","templated":true}]}}